{"id":7864,"date":"2023-07-07T20:00:39","date_gmt":"2023-07-07T18:00:39","guid":{"rendered":"https:\/\/www.elle-et-sens.fr\/?post_type=product&#038;p=7864"},"modified":"2024-04-10T13:00:49","modified_gmt":"2024-04-10T11:00:49","slug":"coupelle-a-bijoux-fleurs-dhortensia-ceramique","status":"publish","type":"product","link":"https:\/\/www.elle-et-sens.fr\/index.php\/produit\/coupelle-a-bijoux-fleurs-dhortensia-ceramique\/","title":{"rendered":"Coupelle \u00e0 bijoux fleurs d&#8217;Hortensia &#8211; C\u00e9ramique"},"content":{"rendered":"<p class=\"p1\"><b>Cr\u00e9ation unique :<br \/>\n<\/b><\/p>\n<ul class=\"ul1\">\n<li class=\"li1\">Adopter une des c\u00e9ramique botaniques Elle &amp; Sens, c\u2019est s\u2019offrir un objet\u00a0<b>artisanal, original\u00a0<\/b>et\u00a0<b>durable<\/b>\u00a0dans le temps !<\/li>\n<li class=\"li1\">Toutes les c\u00e9ramiques Elle &amp; Sens sont fait-main selon la technique du\u00a0<b>modelage<\/b>, ce qui rend chaque cr\u00e9ation r\u00e9ellement unique.<\/li>\n<\/ul>\n<p class=\"p1\"><b>Fabrication artisanale :<br \/>\n<\/b><\/p>\n<ul class=\"ul1\">\n<li class=\"li1\">La coupelle est model\u00e9e enti\u00e8rement \u00e0 la main \u00e0 partir de <b>gr\u00e8s blanc chamott\u00e9<\/b>, une argile \u201cgrain\u00e9e\u201d qui offre\u00a0<b>texture<\/b>\u00a0et\u00a0<b>caract\u00e8re<\/b>\u00a0\u00e0 la pi\u00e8ce.<\/li>\n<li class=\"li1\">Elle s\u00e8che ensuite pendant plusieurs jours avant de partir en <b>cuisson \u201cbiscuit\u201d<\/b>\u00a0dans un four adapt\u00e9 pendant plusieurs heures.<\/li>\n<li class=\"li1\">Une fois la pi\u00e8ce cuite, je la plonge dans un\u00a0<b>email transparent<\/b>\u00a0afin de la prot\u00e9ger, la rendre non poreuse, brillante (et adapt\u00e9 au contact alimentaire).<\/li>\n<li class=\"li1\">La coupelle repart ensuite en <b>cuisson<\/b>\u00a0\u00e0 + de 1200\u00b0 pendant encore de nombreuses heures !<\/li>\n<\/ul>\n<p class=\"p1\"><b>Packaging et exp\u00e9dition :<br \/>\n<\/b><\/p>\n<ul class=\"ul1\">\n<li class=\"li1\">La c\u00e9ramique est soigneusement prot\u00e9g\u00e9e pour son exp\u00e9dition, dans un packaging en carton et kraft\u00a0<b>recyclable.<br \/>\n<\/b><\/li>\n<li class=\"li1\">Cette c\u00e9ramique sera exp\u00e9di\u00e9e \u00e0 la fin de la vente \u00e9ph\u00e9m\u00e8re : <strong>le lundi 17 Juillet<\/strong>, \u00e0 la fin de la vente \u00e9ph\u00e9m\u00e8re.<\/li>\n<li class=\"li1\">Les d\u00e9lais de livraison sont ensuite d\u2019environ 2 jours pour la France et 1 semaine pour l\u2019Europe.<\/li>\n<\/ul>\n","protected":false},"excerpt":{"rendered":"<p class=\"p1\">Coupelle \u00e0 bijoux en c\u00e9ramique, fleurs d\u2019hortensia. Une cr\u00e9ation \u00e0 la<b> finition organique<\/b>, inspir\u00e9e de la nature,\u00a0<b>enti\u00e8rement r\u00e9alis\u00e9e \u00e0 la main en France.<br \/>\n<\/b><\/p>\n<p class=\"p1\">Symboles de gr\u00e2ce, de beaut\u00e9 et de gratitude, les hortensias \u00e9voquent \u00e9galement l&#8217;amour : en choisissant cette coupelle \u00e0 bijoux, vous invitez chez vous l\u2019\u00e9nergie bienfaisante de ces fleurs embl\u00e9matiques de Bretagne, pour une d\u00e9coration empreinte de douceur et de po\u00e9sie.<br \/>\nLa coupelle sera id\u00e9ale pour poser vos bijoux sur votre table de nuit.<\/p>\n<p class=\"p1\">Cette c\u00e9ramique est fabriqu\u00e9e de mani\u00e8re\u00a0<b>artisanale<\/b>, avec la technique du\u00a0<b>modelage \u00e0 la main<\/b>.\u00a0Elle pr\u00e9sente donc naturellement des\u00a0<b>irr\u00e9gularit\u00e9s et des asym\u00e9tries<\/b>, qui lui donnent un aspect\u00a0<b>organique<\/b>\u00a0et\u00a0<b>authentique<\/b>. Chaque cr\u00e9ation est vraiment unique.<\/p>\n<p class=\"p1\"><b>Taille de la coupelle :<\/b> largeur 9 cm<\/p>\n<p class=\"p1\"><b>Mati\u00e8re utilis\u00e9e :<\/b>\u00a0gr\u00e8s blanc chamott\u00e9<\/p>\n<p class=\"p1\"><b>Date d\u2019envoi :<\/b> lundi 17 Juillet \u00e0 la fin de la vente \u00e9ph\u00e9m\u00e8re.<\/p>\n","protected":false},"featured_media":7871,"template":"","meta":[],"product_cat":[222,155],"product_tag":[],"yoast_head":"<!-- This site is optimized with the Yoast SEO plugin v19.1 - https:\/\/yoast.com\/wordpress\/plugins\/seo\/ -->\n<title>Coupelle \u00e0 bijoux fleurs d&#039;Hortensia - C\u00e9ramique - Elle &amp; Sens<\/title>\n<meta name=\"robots\" content=\"index, follow, max-snippet:-1, max-image-preview:large, max-video-preview:-1\" \/>\n<link rel=\"canonical\" href=\"https:\/\/www.elle-et-sens.fr\/index.php\/produit\/coupelle-a-bijoux-fleurs-dhortensia-ceramique\/\" \/>\n<meta property=\"og:locale\" content=\"fr_FR\" \/>\n<meta property=\"og:type\" content=\"article\" \/>\n<meta property=\"og:title\" content=\"Coupelle \u00e0 bijoux fleurs d&#039;Hortensia - C\u00e9ramique - Elle &amp; Sens\" \/>\n<meta property=\"og:description\" content=\"Coupelle \u00e0 bijoux en c\u00e9ramique, fleurs d\u2019hortensia. Une cr\u00e9ation \u00e0 la finition organique, inspir\u00e9e de la nature,\u00a0enti\u00e8rement r\u00e9alis\u00e9e \u00e0 la main en France.  Symboles de gr\u00e2ce, de beaut\u00e9 et de gratitude, les hortensias \u00e9voquent \u00e9galement l&#039;amour : en choisissant cette coupelle \u00e0 bijoux, vous invitez chez vous l\u2019\u00e9nergie bienfaisante de ces fleurs embl\u00e9matiques de Bretagne, pour une d\u00e9coration empreinte de douceur et de po\u00e9sie. La coupelle sera id\u00e9ale pour poser vos bijoux sur votre table de nuit. Cette c\u00e9ramique est fabriqu\u00e9e de mani\u00e8re\u00a0artisanale, avec la technique du\u00a0modelage \u00e0 la main.\u00a0Elle pr\u00e9sente donc naturellement des\u00a0irr\u00e9gularit\u00e9s et des asym\u00e9tries, qui lui donnent un aspect\u00a0organique\u00a0et\u00a0authentique. Chaque cr\u00e9ation est vraiment unique. Taille de la coupelle : largeur 9 cm Mati\u00e8re utilis\u00e9e :\u00a0gr\u00e8s blanc chamott\u00e9 Date d\u2019envoi : lundi 17 Juillet \u00e0 la fin de la vente \u00e9ph\u00e9m\u00e8re.\" \/>\n<meta property=\"og:url\" content=\"https:\/\/www.elle-et-sens.fr\/index.php\/produit\/coupelle-a-bijoux-fleurs-dhortensia-ceramique\/\" \/>\n<meta property=\"og:site_name\" content=\"Elle &amp; Sens\" \/>\n<meta property=\"article:modified_time\" content=\"2024-04-10T11:00:49+00:00\" \/>\n<meta property=\"og:image\" content=\"https:\/\/www.elle-et-sens.fr\/wp-content\/uploads\/2023\/06\/P1011836-scaled.jpeg\" \/>\n\t<meta property=\"og:image:width\" content=\"1707\" \/>\n\t<meta property=\"og:image:height\" content=\"2560\" \/>\n\t<meta property=\"og:image:type\" content=\"image\/jpeg\" \/>\n<meta name=\"twitter:card\" content=\"summary_large_image\" \/>\n<meta name=\"twitter:label1\" content=\"Dur\u00e9e de lecture estim\u00e9e\" \/>\n\t<meta name=\"twitter:data1\" content=\"1 minute\" \/>\n<script type=\"application\/ld+json\" class=\"yoast-schema-graph\">{\"@context\":\"https:\/\/schema.org\",\"@graph\":[{\"@type\":\"Organization\",\"@id\":\"https:\/\/www.elle-et-sens.fr\/#organization\",\"name\":\"Elle & Sens\",\"url\":\"https:\/\/www.elle-et-sens.fr\/\",\"sameAs\":[\"https:\/\/www.instagram.com\/elle.et.sens\/\",\"https:\/\/www.pinterest.fr\/elleetsens\/\"],\"logo\":{\"@type\":\"ImageObject\",\"inLanguage\":\"fr-FR\",\"@id\":\"https:\/\/www.elle-et-sens.fr\/#\/schema\/logo\/image\/\",\"url\":\"\",\"contentUrl\":\"\",\"caption\":\"Elle & Sens\"},\"image\":{\"@id\":\"https:\/\/www.elle-et-sens.fr\/#\/schema\/logo\/image\/\"}},{\"@type\":\"WebSite\",\"@id\":\"https:\/\/www.elle-et-sens.fr\/#website\",\"url\":\"https:\/\/www.elle-et-sens.fr\/\",\"name\":\"Elle &amp; Sens\",\"description\":\"Bijoux \u00e9thiques inspir\u00e9s de la nature \",\"publisher\":{\"@id\":\"https:\/\/www.elle-et-sens.fr\/#organization\"},\"potentialAction\":[{\"@type\":\"SearchAction\",\"target\":{\"@type\":\"EntryPoint\",\"urlTemplate\":\"https:\/\/www.elle-et-sens.fr\/?s={search_term_string}\"},\"query-input\":\"required name=search_term_string\"}],\"inLanguage\":\"fr-FR\"},{\"@type\":\"ImageObject\",\"inLanguage\":\"fr-FR\",\"@id\":\"https:\/\/www.elle-et-sens.fr\/index.php\/produit\/coupelle-a-bijoux-fleurs-dhortensia-ceramique\/#primaryimage\",\"url\":\"https:\/\/www.elle-et-sens.fr\/wp-content\/uploads\/2023\/06\/P1011836-scaled.jpeg\",\"contentUrl\":\"https:\/\/www.elle-et-sens.fr\/wp-content\/uploads\/2023\/06\/P1011836-scaled.jpeg\",\"width\":1707,\"height\":2560},{\"@type\":\"WebPage\",\"@id\":\"https:\/\/www.elle-et-sens.fr\/index.php\/produit\/coupelle-a-bijoux-fleurs-dhortensia-ceramique\/#webpage\",\"url\":\"https:\/\/www.elle-et-sens.fr\/index.php\/produit\/coupelle-a-bijoux-fleurs-dhortensia-ceramique\/\",\"name\":\"Coupelle \u00e0 bijoux fleurs d'Hortensia - C\u00e9ramique - Elle &amp; Sens\",\"isPartOf\":{\"@id\":\"https:\/\/www.elle-et-sens.fr\/#website\"},\"primaryImageOfPage\":{\"@id\":\"https:\/\/www.elle-et-sens.fr\/index.php\/produit\/coupelle-a-bijoux-fleurs-dhortensia-ceramique\/#primaryimage\"},\"datePublished\":\"2023-07-07T18:00:39+00:00\",\"dateModified\":\"2024-04-10T11:00:49+00:00\",\"breadcrumb\":{\"@id\":\"https:\/\/www.elle-et-sens.fr\/index.php\/produit\/coupelle-a-bijoux-fleurs-dhortensia-ceramique\/#breadcrumb\"},\"inLanguage\":\"fr-FR\",\"potentialAction\":[{\"@type\":\"ReadAction\",\"target\":[\"https:\/\/www.elle-et-sens.fr\/index.php\/produit\/coupelle-a-bijoux-fleurs-dhortensia-ceramique\/\"]}]},{\"@type\":\"BreadcrumbList\",\"@id\":\"https:\/\/www.elle-et-sens.fr\/index.php\/produit\/coupelle-a-bijoux-fleurs-dhortensia-ceramique\/#breadcrumb\",\"itemListElement\":[{\"@type\":\"ListItem\",\"position\":1,\"name\":\"Accueil\",\"item\":\"https:\/\/www.elle-et-sens.fr\/\"},{\"@type\":\"ListItem\",\"position\":2,\"name\":\"Le jardin de cr\u00e9ations botaniques\",\"item\":\"https:\/\/www.elle-et-sens.fr\/index.php\/creations-botaniques\/\"},{\"@type\":\"ListItem\",\"position\":3,\"name\":\"Coupelle \u00e0 bijoux fleurs d&#8217;Hortensia &#8211; C\u00e9ramique\"}]}]}<\/script>\n<!-- \/ Yoast SEO plugin. -->","yoast_head_json":{"title":"Coupelle \u00e0 bijoux fleurs d'Hortensia - C\u00e9ramique - Elle &amp; Sens","robots":{"index":"index","follow":"follow","max-snippet":"max-snippet:-1","max-image-preview":"max-image-preview:large","max-video-preview":"max-video-preview:-1"},"canonical":"https:\/\/www.elle-et-sens.fr\/index.php\/produit\/coupelle-a-bijoux-fleurs-dhortensia-ceramique\/","og_locale":"fr_FR","og_type":"article","og_title":"Coupelle \u00e0 bijoux fleurs d'Hortensia - C\u00e9ramique - Elle &amp; Sens","og_description":"Coupelle \u00e0 bijoux en c\u00e9ramique, fleurs d\u2019hortensia. Une cr\u00e9ation \u00e0 la finition organique, inspir\u00e9e de la nature,\u00a0enti\u00e8rement r\u00e9alis\u00e9e \u00e0 la main en France.  Symboles de gr\u00e2ce, de beaut\u00e9 et de gratitude, les hortensias \u00e9voquent \u00e9galement l'amour : en choisissant cette coupelle \u00e0 bijoux, vous invitez chez vous l\u2019\u00e9nergie bienfaisante de ces fleurs embl\u00e9matiques de Bretagne, pour une d\u00e9coration empreinte de douceur et de po\u00e9sie. La coupelle sera id\u00e9ale pour poser vos bijoux sur votre table de nuit. Cette c\u00e9ramique est fabriqu\u00e9e de mani\u00e8re\u00a0artisanale, avec la technique du\u00a0modelage \u00e0 la main.\u00a0Elle pr\u00e9sente donc naturellement des\u00a0irr\u00e9gularit\u00e9s et des asym\u00e9tries, qui lui donnent un aspect\u00a0organique\u00a0et\u00a0authentique. Chaque cr\u00e9ation est vraiment unique. Taille de la coupelle : largeur 9 cm Mati\u00e8re utilis\u00e9e :\u00a0gr\u00e8s blanc chamott\u00e9 Date d\u2019envoi : lundi 17 Juillet \u00e0 la fin de la vente \u00e9ph\u00e9m\u00e8re.","og_url":"https:\/\/www.elle-et-sens.fr\/index.php\/produit\/coupelle-a-bijoux-fleurs-dhortensia-ceramique\/","og_site_name":"Elle &amp; Sens","article_modified_time":"2024-04-10T11:00:49+00:00","og_image":[{"width":1707,"height":2560,"url":"https:\/\/www.elle-et-sens.fr\/wp-content\/uploads\/2023\/06\/P1011836-scaled.jpeg","type":"image\/jpeg"}],"twitter_card":"summary_large_image","twitter_misc":{"Dur\u00e9e de lecture estim\u00e9e":"1 minute"},"schema":{"@context":"https:\/\/schema.org","@graph":[{"@type":"Organization","@id":"https:\/\/www.elle-et-sens.fr\/#organization","name":"Elle & Sens","url":"https:\/\/www.elle-et-sens.fr\/","sameAs":["https:\/\/www.instagram.com\/elle.et.sens\/","https:\/\/www.pinterest.fr\/elleetsens\/"],"logo":{"@type":"ImageObject","inLanguage":"fr-FR","@id":"https:\/\/www.elle-et-sens.fr\/#\/schema\/logo\/image\/","url":"","contentUrl":"","caption":"Elle & Sens"},"image":{"@id":"https:\/\/www.elle-et-sens.fr\/#\/schema\/logo\/image\/"}},{"@type":"WebSite","@id":"https:\/\/www.elle-et-sens.fr\/#website","url":"https:\/\/www.elle-et-sens.fr\/","name":"Elle &amp; Sens","description":"Bijoux \u00e9thiques inspir\u00e9s de la nature ","publisher":{"@id":"https:\/\/www.elle-et-sens.fr\/#organization"},"potentialAction":[{"@type":"SearchAction","target":{"@type":"EntryPoint","urlTemplate":"https:\/\/www.elle-et-sens.fr\/?s={search_term_string}"},"query-input":"required name=search_term_string"}],"inLanguage":"fr-FR"},{"@type":"ImageObject","inLanguage":"fr-FR","@id":"https:\/\/www.elle-et-sens.fr\/index.php\/produit\/coupelle-a-bijoux-fleurs-dhortensia-ceramique\/#primaryimage","url":"https:\/\/www.elle-et-sens.fr\/wp-content\/uploads\/2023\/06\/P1011836-scaled.jpeg","contentUrl":"https:\/\/www.elle-et-sens.fr\/wp-content\/uploads\/2023\/06\/P1011836-scaled.jpeg","width":1707,"height":2560},{"@type":"WebPage","@id":"https:\/\/www.elle-et-sens.fr\/index.php\/produit\/coupelle-a-bijoux-fleurs-dhortensia-ceramique\/#webpage","url":"https:\/\/www.elle-et-sens.fr\/index.php\/produit\/coupelle-a-bijoux-fleurs-dhortensia-ceramique\/","name":"Coupelle \u00e0 bijoux fleurs d'Hortensia - C\u00e9ramique - Elle &amp; Sens","isPartOf":{"@id":"https:\/\/www.elle-et-sens.fr\/#website"},"primaryImageOfPage":{"@id":"https:\/\/www.elle-et-sens.fr\/index.php\/produit\/coupelle-a-bijoux-fleurs-dhortensia-ceramique\/#primaryimage"},"datePublished":"2023-07-07T18:00:39+00:00","dateModified":"2024-04-10T11:00:49+00:00","breadcrumb":{"@id":"https:\/\/www.elle-et-sens.fr\/index.php\/produit\/coupelle-a-bijoux-fleurs-dhortensia-ceramique\/#breadcrumb"},"inLanguage":"fr-FR","potentialAction":[{"@type":"ReadAction","target":["https:\/\/www.elle-et-sens.fr\/index.php\/produit\/coupelle-a-bijoux-fleurs-dhortensia-ceramique\/"]}]},{"@type":"BreadcrumbList","@id":"https:\/\/www.elle-et-sens.fr\/index.php\/produit\/coupelle-a-bijoux-fleurs-dhortensia-ceramique\/#breadcrumb","itemListElement":[{"@type":"ListItem","position":1,"name":"Accueil","item":"https:\/\/www.elle-et-sens.fr\/"},{"@type":"ListItem","position":2,"name":"Le jardin de cr\u00e9ations botaniques","item":"https:\/\/www.elle-et-sens.fr\/index.php\/creations-botaniques\/"},{"@type":"ListItem","position":3,"name":"Coupelle \u00e0 bijoux fleurs d&#8217;Hortensia &#8211; C\u00e9ramique"}]}]}},"post_mailing_queue_ids":[],"_links":{"self":[{"href":"https:\/\/www.elle-et-sens.fr\/index.php\/wp-json\/wp\/v2\/product\/7864"}],"collection":[{"href":"https:\/\/www.elle-et-sens.fr\/index.php\/wp-json\/wp\/v2\/product"}],"about":[{"href":"https:\/\/www.elle-et-sens.fr\/index.php\/wp-json\/wp\/v2\/types\/product"}],"version-history":[{"count":0,"href":"https:\/\/www.elle-et-sens.fr\/index.php\/wp-json\/wp\/v2\/product\/7864\/revisions"}],"wp:featuredmedia":[{"embeddable":true,"href":"https:\/\/www.elle-et-sens.fr\/index.php\/wp-json\/wp\/v2\/media\/7871"}],"wp:attachment":[{"href":"https:\/\/www.elle-et-sens.fr\/index.php\/wp-json\/wp\/v2\/media?parent=7864"}],"wp:term":[{"taxonomy":"product_cat","embeddable":true,"href":"https:\/\/www.elle-et-sens.fr\/index.php\/wp-json\/wp\/v2\/product_cat?post=7864"},{"taxonomy":"product_tag","embeddable":true,"href":"https:\/\/www.elle-et-sens.fr\/index.php\/wp-json\/wp\/v2\/product_tag?post=7864"}],"curies":[{"name":"wp","href":"https:\/\/api.w.org\/{rel}","templated":true}]}}