{"id":7041,"date":"2023-05-12T16:10:20","date_gmt":"2023-05-12T14:10:20","guid":{"rendered":"https:\/\/www.elle-et-sens.fr\/?post_type=product&#038;p=7041"},"modified":"2024-04-10T13:11:39","modified_gmt":"2024-04-10T11:11:39","slug":"grandes-boucles-pendantes-feuilles-chene","status":"publish","type":"product","link":"https:\/\/www.elle-et-sens.fr\/index.php\/produit\/grandes-boucles-pendantes-feuilles-chene\/","title":{"rendered":"Grandes boucles pendantes feuilles de ch\u00eane &#8211; Argent recycl\u00e9"},"content":{"rendered":"<p><strong>Bijou totem :<\/strong><\/p>\n<ul>\n<li>Porter ce bijou permet de se rappeler que la vie est faite de cycles et que les moments de joies suivent toujours les moments plus difficiles.<\/li>\n<li>Chaque p\u00e9pite sur ces boucles est unique car elle est enti\u00e8rement fondue \u00e0 la main en utilisant les chutes des plaques d&#8217;argent qui ont servies \u00e0 la d\u00e9coupe des feuilles de ch\u00eane.<\/li>\n<li>Ce bijou aide \u00e0 laisser partir les choses n\u00e9gatives, \u00e0 la mani\u00e8re des feuilles d&#8217;automne qui tombent des arbres, afin d&#8217;accueillir de nouvelles choses plus positives dans sa vie !<\/li>\n<\/ul>\n<p>&nbsp;<\/p>\n<p><strong>Cr\u00e9ation unique :<\/strong><\/p>\n<ul>\n<li>Adopter une des cr\u00e9ations botaniques Elle &amp; Sens c\u2019est porter un bijou pr\u00e9cieux et \u00e9thique que tu ne retrouveras pas partout !<\/li>\n<li>Tous les bijoux Elle &amp; Sens sont fait-main selon les techniques de la bijouterie traditionnelle ce qui fait que chaque cr\u00e9ation est vraiment unique.<\/li>\n<\/ul>\n<p>&nbsp;<\/p>\n<p><strong>Bijouterie \u00e9thique et responsable<\/strong> :<\/p>\n<ul>\n<li>Boucles d&#8217;oreilles fines et originales fabriqu\u00e9es \u00e0 partir d&#8217;argent 925 recycl\u00e9, un m\u00e9tal pr\u00e9cieux, durable et recyclable \u00e0 l&#8217;infini.<\/li>\n<li>Ces boucles sont emball\u00e9es dans une jolie boite tiroir en carton FSC, \u00e9co-responsable ins\u00e9r\u00e9e dans un pochon en coton au logo de la marque.<\/li>\n<\/ul>\n<p>&nbsp;<\/p>\n<p class=\"p2\"><i>Ce bijou est fabriqu\u00e9 \u00e0 la commande et partira donc de l&#8217;atelier sous un d\u00e9lai de 3 \u00e0 4 semaines. Les d\u00e9lais de livraison sont ensuite d\u2019environ 2 jours pour la France et 1 semaine pour l\u2019Europe.\u00a0<\/i><span class=\"Apple-converted-space\">\u00a0<\/span><\/p>\n","protected":false},"excerpt":{"rendered":"<p>Boucles <strong>longues et l\u00e9g\u00e8res<\/strong> inspir\u00e9es de l&#8217;automne, enti\u00e8rement <strong>fabriqu\u00e9es \u00e0 la main en France.<\/strong><\/p>\n<p>Bijou totem symbolisant le cycle naturel de la nature, qui meurt petit \u00e0 petit pour laisser la place au renouveau !<\/p>\n<p><strong><em>Porter ce bijou permet de se rappeler que la vie est faite de cycles et que les moments de joies suivent toujours les moments plus difficiles.<\/em><\/strong><\/p>\n<p>Ces boucles d&#8217;oreilles sont fabriqu\u00e9es de mani\u00e8re artisanale, il peut donc y avoir de l\u00e9g\u00e8res variations. Chaque cr\u00e9ation est vraiment unique.<\/p>\n<p><strong>Dimension d&#8217;une boucle d&#8217;oreille<\/strong> : 5 cm x 1,5 cm<\/p>\n<p><strong>Mati\u00e8re utilis\u00e9e :<\/strong> argent 925 recycl\u00e9<\/p>\n<p class=\"p1\"><b>D\u00e9lai d&#8217;envoi :<\/b> ce bijou est fabriqu\u00e9 \u00e0 la commande sous un d\u00e9lai de 3 \u00e0 4 semaines.<\/p>\n","protected":false},"featured_media":7046,"template":"","meta":[],"product_cat":[202,155],"product_tag":[],"yoast_head":"<!-- This site is optimized with the Yoast SEO plugin v19.1 - https:\/\/yoast.com\/wordpress\/plugins\/seo\/ -->\n<title>Boucles d&#039;oreilles feuilles de ch\u00eane - Fait-main en argent recycl\u00e9<\/title>\n<meta name=\"description\" content=\"Boucles d&#039;oreilles totem inspir\u00e9es des feuilles de ch\u00eane ! Bijou fait-main \u00e9thique en argent recycl\u00e9. D\u00e9couvre tous les bijoux botaniques.\" \/>\n<meta name=\"robots\" content=\"index, follow, max-snippet:-1, max-image-preview:large, max-video-preview:-1\" \/>\n<link rel=\"canonical\" href=\"https:\/\/www.elle-et-sens.fr\/index.php\/produit\/grandes-boucles-pendantes-feuilles-chene\/\" \/>\n<meta property=\"og:locale\" content=\"fr_FR\" \/>\n<meta property=\"og:type\" content=\"article\" \/>\n<meta property=\"og:title\" content=\"Boucles d&#039;oreilles feuilles de ch\u00eane - Fait-main en argent recycl\u00e9\" \/>\n<meta property=\"og:description\" content=\"Boucles d&#039;oreilles totem inspir\u00e9es des feuilles de ch\u00eane ! Bijou fait-main \u00e9thique en argent recycl\u00e9. D\u00e9couvre tous les bijoux botaniques.\" \/>\n<meta property=\"og:url\" content=\"https:\/\/www.elle-et-sens.fr\/index.php\/produit\/grandes-boucles-pendantes-feuilles-chene\/\" \/>\n<meta property=\"og:site_name\" content=\"Elle &amp; Sens\" \/>\n<meta property=\"article:modified_time\" content=\"2024-04-10T11:11:39+00:00\" \/>\n<meta property=\"og:image\" content=\"https:\/\/www.elle-et-sens.fr\/wp-content\/uploads\/2022\/10\/P1011047-scaled-e1665758198857.jpeg\" \/>\n\t<meta property=\"og:image:width\" content=\"1600\" \/>\n\t<meta property=\"og:image:height\" content=\"2560\" \/>\n\t<meta property=\"og:image:type\" content=\"image\/jpeg\" \/>\n<meta name=\"twitter:card\" content=\"summary_large_image\" \/>\n<meta name=\"twitter:label1\" content=\"Dur\u00e9e de lecture estim\u00e9e\" \/>\n\t<meta name=\"twitter:data1\" content=\"2 minutes\" \/>\n<script type=\"application\/ld+json\" class=\"yoast-schema-graph\">{\"@context\":\"https:\/\/schema.org\",\"@graph\":[{\"@type\":\"Organization\",\"@id\":\"https:\/\/www.elle-et-sens.fr\/#organization\",\"name\":\"Elle & Sens\",\"url\":\"https:\/\/www.elle-et-sens.fr\/\",\"sameAs\":[\"https:\/\/www.instagram.com\/elle.et.sens\/\",\"https:\/\/www.pinterest.fr\/elleetsens\/\"],\"logo\":{\"@type\":\"ImageObject\",\"inLanguage\":\"fr-FR\",\"@id\":\"https:\/\/www.elle-et-sens.fr\/#\/schema\/logo\/image\/\",\"url\":\"\",\"contentUrl\":\"\",\"caption\":\"Elle & Sens\"},\"image\":{\"@id\":\"https:\/\/www.elle-et-sens.fr\/#\/schema\/logo\/image\/\"}},{\"@type\":\"WebSite\",\"@id\":\"https:\/\/www.elle-et-sens.fr\/#website\",\"url\":\"https:\/\/www.elle-et-sens.fr\/\",\"name\":\"Elle &amp; Sens\",\"description\":\"Bijoux \u00e9thiques inspir\u00e9s de la nature \",\"publisher\":{\"@id\":\"https:\/\/www.elle-et-sens.fr\/#organization\"},\"potentialAction\":[{\"@type\":\"SearchAction\",\"target\":{\"@type\":\"EntryPoint\",\"urlTemplate\":\"https:\/\/www.elle-et-sens.fr\/?s={search_term_string}\"},\"query-input\":\"required name=search_term_string\"}],\"inLanguage\":\"fr-FR\"},{\"@type\":\"ImageObject\",\"inLanguage\":\"fr-FR\",\"@id\":\"https:\/\/www.elle-et-sens.fr\/index.php\/produit\/grandes-boucles-pendantes-feuilles-chene\/#primaryimage\",\"url\":\"https:\/\/www.elle-et-sens.fr\/wp-content\/uploads\/2022\/10\/P1011047-scaled-e1665758198857.jpeg\",\"contentUrl\":\"https:\/\/www.elle-et-sens.fr\/wp-content\/uploads\/2022\/10\/P1011047-scaled-e1665758198857.jpeg\",\"width\":1600,\"height\":2560,\"caption\":\"Boucles d'oreilles feuilles de ch\u00eane en argent recycl\u00e9\"},{\"@type\":\"WebPage\",\"@id\":\"https:\/\/www.elle-et-sens.fr\/index.php\/produit\/grandes-boucles-pendantes-feuilles-chene\/#webpage\",\"url\":\"https:\/\/www.elle-et-sens.fr\/index.php\/produit\/grandes-boucles-pendantes-feuilles-chene\/\",\"name\":\"Boucles d'oreilles feuilles de ch\u00eane - Fait-main en argent recycl\u00e9\",\"isPartOf\":{\"@id\":\"https:\/\/www.elle-et-sens.fr\/#website\"},\"primaryImageOfPage\":{\"@id\":\"https:\/\/www.elle-et-sens.fr\/index.php\/produit\/grandes-boucles-pendantes-feuilles-chene\/#primaryimage\"},\"datePublished\":\"2023-05-12T14:10:20+00:00\",\"dateModified\":\"2024-04-10T11:11:39+00:00\",\"description\":\"Boucles d'oreilles totem inspir\u00e9es des feuilles de ch\u00eane ! Bijou fait-main \u00e9thique en argent recycl\u00e9. D\u00e9couvre tous les bijoux botaniques.\",\"breadcrumb\":{\"@id\":\"https:\/\/www.elle-et-sens.fr\/index.php\/produit\/grandes-boucles-pendantes-feuilles-chene\/#breadcrumb\"},\"inLanguage\":\"fr-FR\",\"potentialAction\":[{\"@type\":\"ReadAction\",\"target\":[\"https:\/\/www.elle-et-sens.fr\/index.php\/produit\/grandes-boucles-pendantes-feuilles-chene\/\"]}]},{\"@type\":\"BreadcrumbList\",\"@id\":\"https:\/\/www.elle-et-sens.fr\/index.php\/produit\/grandes-boucles-pendantes-feuilles-chene\/#breadcrumb\",\"itemListElement\":[{\"@type\":\"ListItem\",\"position\":1,\"name\":\"Accueil\",\"item\":\"https:\/\/www.elle-et-sens.fr\/\"},{\"@type\":\"ListItem\",\"position\":2,\"name\":\"Le jardin de cr\u00e9ations botaniques\",\"item\":\"https:\/\/www.elle-et-sens.fr\/index.php\/creations-botaniques\/\"},{\"@type\":\"ListItem\",\"position\":3,\"name\":\"Grandes boucles pendantes feuilles de ch\u00eane &#8211; Argent recycl\u00e9\"}]}]}<\/script>\n<!-- \/ Yoast SEO plugin. -->","yoast_head_json":{"title":"Boucles d'oreilles feuilles de ch\u00eane - Fait-main en argent recycl\u00e9","description":"Boucles d'oreilles totem inspir\u00e9es des feuilles de ch\u00eane ! Bijou fait-main \u00e9thique en argent recycl\u00e9. D\u00e9couvre tous les bijoux botaniques.","robots":{"index":"index","follow":"follow","max-snippet":"max-snippet:-1","max-image-preview":"max-image-preview:large","max-video-preview":"max-video-preview:-1"},"canonical":"https:\/\/www.elle-et-sens.fr\/index.php\/produit\/grandes-boucles-pendantes-feuilles-chene\/","og_locale":"fr_FR","og_type":"article","og_title":"Boucles d'oreilles feuilles de ch\u00eane - Fait-main en argent recycl\u00e9","og_description":"Boucles d'oreilles totem inspir\u00e9es des feuilles de ch\u00eane ! Bijou fait-main \u00e9thique en argent recycl\u00e9. D\u00e9couvre tous les bijoux botaniques.","og_url":"https:\/\/www.elle-et-sens.fr\/index.php\/produit\/grandes-boucles-pendantes-feuilles-chene\/","og_site_name":"Elle &amp; Sens","article_modified_time":"2024-04-10T11:11:39+00:00","og_image":[{"width":1600,"height":2560,"url":"https:\/\/www.elle-et-sens.fr\/wp-content\/uploads\/2022\/10\/P1011047-scaled-e1665758198857.jpeg","type":"image\/jpeg"}],"twitter_card":"summary_large_image","twitter_misc":{"Dur\u00e9e de lecture estim\u00e9e":"2 minutes"},"schema":{"@context":"https:\/\/schema.org","@graph":[{"@type":"Organization","@id":"https:\/\/www.elle-et-sens.fr\/#organization","name":"Elle & Sens","url":"https:\/\/www.elle-et-sens.fr\/","sameAs":["https:\/\/www.instagram.com\/elle.et.sens\/","https:\/\/www.pinterest.fr\/elleetsens\/"],"logo":{"@type":"ImageObject","inLanguage":"fr-FR","@id":"https:\/\/www.elle-et-sens.fr\/#\/schema\/logo\/image\/","url":"","contentUrl":"","caption":"Elle & Sens"},"image":{"@id":"https:\/\/www.elle-et-sens.fr\/#\/schema\/logo\/image\/"}},{"@type":"WebSite","@id":"https:\/\/www.elle-et-sens.fr\/#website","url":"https:\/\/www.elle-et-sens.fr\/","name":"Elle &amp; Sens","description":"Bijoux \u00e9thiques inspir\u00e9s de la nature ","publisher":{"@id":"https:\/\/www.elle-et-sens.fr\/#organization"},"potentialAction":[{"@type":"SearchAction","target":{"@type":"EntryPoint","urlTemplate":"https:\/\/www.elle-et-sens.fr\/?s={search_term_string}"},"query-input":"required name=search_term_string"}],"inLanguage":"fr-FR"},{"@type":"ImageObject","inLanguage":"fr-FR","@id":"https:\/\/www.elle-et-sens.fr\/index.php\/produit\/grandes-boucles-pendantes-feuilles-chene\/#primaryimage","url":"https:\/\/www.elle-et-sens.fr\/wp-content\/uploads\/2022\/10\/P1011047-scaled-e1665758198857.jpeg","contentUrl":"https:\/\/www.elle-et-sens.fr\/wp-content\/uploads\/2022\/10\/P1011047-scaled-e1665758198857.jpeg","width":1600,"height":2560,"caption":"Boucles d'oreilles feuilles de ch\u00eane en argent recycl\u00e9"},{"@type":"WebPage","@id":"https:\/\/www.elle-et-sens.fr\/index.php\/produit\/grandes-boucles-pendantes-feuilles-chene\/#webpage","url":"https:\/\/www.elle-et-sens.fr\/index.php\/produit\/grandes-boucles-pendantes-feuilles-chene\/","name":"Boucles d'oreilles feuilles de ch\u00eane - Fait-main en argent recycl\u00e9","isPartOf":{"@id":"https:\/\/www.elle-et-sens.fr\/#website"},"primaryImageOfPage":{"@id":"https:\/\/www.elle-et-sens.fr\/index.php\/produit\/grandes-boucles-pendantes-feuilles-chene\/#primaryimage"},"datePublished":"2023-05-12T14:10:20+00:00","dateModified":"2024-04-10T11:11:39+00:00","description":"Boucles d'oreilles totem inspir\u00e9es des feuilles de ch\u00eane ! Bijou fait-main \u00e9thique en argent recycl\u00e9. D\u00e9couvre tous les bijoux botaniques.","breadcrumb":{"@id":"https:\/\/www.elle-et-sens.fr\/index.php\/produit\/grandes-boucles-pendantes-feuilles-chene\/#breadcrumb"},"inLanguage":"fr-FR","potentialAction":[{"@type":"ReadAction","target":["https:\/\/www.elle-et-sens.fr\/index.php\/produit\/grandes-boucles-pendantes-feuilles-chene\/"]}]},{"@type":"BreadcrumbList","@id":"https:\/\/www.elle-et-sens.fr\/index.php\/produit\/grandes-boucles-pendantes-feuilles-chene\/#breadcrumb","itemListElement":[{"@type":"ListItem","position":1,"name":"Accueil","item":"https:\/\/www.elle-et-sens.fr\/"},{"@type":"ListItem","position":2,"name":"Le jardin de cr\u00e9ations botaniques","item":"https:\/\/www.elle-et-sens.fr\/index.php\/creations-botaniques\/"},{"@type":"ListItem","position":3,"name":"Grandes boucles pendantes feuilles de ch\u00eane &#8211; Argent recycl\u00e9"}]}]}},"post_mailing_queue_ids":[],"_links":{"self":[{"href":"https:\/\/www.elle-et-sens.fr\/index.php\/wp-json\/wp\/v2\/product\/7041"}],"collection":[{"href":"https:\/\/www.elle-et-sens.fr\/index.php\/wp-json\/wp\/v2\/product"}],"about":[{"href":"https:\/\/www.elle-et-sens.fr\/index.php\/wp-json\/wp\/v2\/types\/product"}],"version-history":[{"count":0,"href":"https:\/\/www.elle-et-sens.fr\/index.php\/wp-json\/wp\/v2\/product\/7041\/revisions"}],"wp:featuredmedia":[{"embeddable":true,"href":"https:\/\/www.elle-et-sens.fr\/index.php\/wp-json\/wp\/v2\/media\/7046"}],"wp:attachment":[{"href":"https:\/\/www.elle-et-sens.fr\/index.php\/wp-json\/wp\/v2\/media?parent=7041"}],"wp:term":[{"taxonomy":"product_cat","embeddable":true,"href":"https:\/\/www.elle-et-sens.fr\/index.php\/wp-json\/wp\/v2\/product_cat?post=7041"},{"taxonomy":"product_tag","embeddable":true,"href":"https:\/\/www.elle-et-sens.fr\/index.php\/wp-json\/wp\/v2\/product_tag?post=7041"}],"curies":[{"name":"wp","href":"https:\/\/api.w.org\/{rel}","templated":true}]}}