{"id":5890,"date":"2023-05-12T14:40:46","date_gmt":"2023-05-12T12:40:46","guid":{"rendered":"https:\/\/www.elle-et-sens.fr\/?post_type=product&#038;p=5890"},"modified":"2024-04-10T13:11:22","modified_gmt":"2024-04-10T11:11:22","slug":"boucles-oreilles-nature-fleur-pensee-argent-recycle","status":"publish","type":"product","link":"https:\/\/www.elle-et-sens.fr\/index.php\/produit\/boucles-oreilles-nature-fleur-pensee-argent-recycle\/","title":{"rendered":"Boucles d&#8217;oreilles &#8211; Fleurs Pens\u00e9es &#8211; Argent recycl\u00e9"},"content":{"rendered":"<p><strong>Bijou totem :<\/strong><\/p>\n<ul>\n<li>Ces boucles d&#8217;oreilles sont particuli\u00e8rement destin\u00e9es aux personnes qui ont tendance \u00e0 s&#8217;oublier &#8230; pour qu&#8217;elles pensent \u00e0 se faire passer en priorit\u00e9 !<\/li>\n<li>C&#8217;est le bijou totem des personnes qui veulent dire ou se dire &#8220;je t&#8217;aime&#8221; !<\/li>\n<\/ul>\n<p><strong>Cr\u00e9ation unique :<\/strong><\/p>\n<ul>\n<li>Adopter une des cr\u00e9ations botaniques Elle &amp; Sens c\u2019est porter un bijou pr\u00e9cieux et \u00e9thique que tu ne retrouveras pas partout !<\/li>\n<li>Tous les bijoux Elle &amp; Sens sont fait-main selon les techniques de la bijouterie traditionnelle ce qui fait que chaque cr\u00e9ation est vraiment unique.<\/li>\n<\/ul>\n<p><strong>Bijouterie \u00e9thique et responsable<\/strong>\u00a0:<\/p>\n<ul>\n<li>Les p\u00e9tales de fleur sont fabriqu\u00e9s \u00e0 partir d\u2019argent 925 recycl\u00e9, un m\u00e9tal pr\u00e9cieux, durable et recyclable \u00e0 l\u2019infini.<\/li>\n<li>Ce bijou est emball\u00e9 dans une jolie boite tiroir en carton FSC, \u00e9co-responsable ins\u00e9r\u00e9e dans un pochon en coton au logo de la marque.<\/li>\n<\/ul>\n<p class=\"p1\"><i><br \/>\nCe bijou est envoy\u00e9 \u00e0 la fin de la vente \u00e9ph\u00e9m\u00e8re. Les d\u00e9lais de livraison sont ensuite d\u2019environ 2 jours pour la France et 1 semaine pour l\u2019Europe.<br \/>\n<\/i><\/p>\n","protected":false},"excerpt":{"rendered":"<p>Boucles d&#8217;oreilles en argent sculpt\u00e9, fleur de pens\u00e9e. Un bijou <strong>tr\u00e8s d\u00e9licat<\/strong><strong>\u00a0et \u00e9l\u00e9gant<\/strong>, inspir\u00e9 du printemps, <strong>enti\u00e8rement r\u00e9alis\u00e9 \u00e0 la main en France.<\/strong><\/p>\n<p>Bijou totem symbolisant l\u2019amour ou l\u2019admiration d\u2019une personne envers une autre&#8230; ou l&#8217;amour que tu te portes \u00e0 toi-m\u00eame, car on ne se dit jamais assez &#8220;je t&#8217;aime&#8221; !<\/p>\n<p><em><strong>Porter ce bijou permet de se rappeler qu&#8217;il est important de s&#8217;aimer soi-m\u00eame, d&#8217;\u00eatre parfois sa priorit\u00e9 pour ne pas s&#8217;oublier.<\/strong><\/em><\/p>\n<p>Ces boucles d&#8217;oreilles sont fabriqu\u00e9es de mani\u00e8re artisanale, il peut donc y avoir de l\u00e9g\u00e8res variations car chaque cr\u00e9ation est vraiment unique !<\/p>\n<p><strong>Taille d&#8217;une fleur de pens\u00e9e : <\/strong>2cm X 2cm<\/p>\n<p><strong>Mati\u00e8re utilis\u00e9e :<\/strong>\u00a0argent 925 recycl\u00e9<\/p>\n<p><strong>D\u00e9lai d\u2019envoi :<\/strong> \u00e0 la fin de la vente \u00e9ph\u00e9m\u00e8re en cours<\/p>\n","protected":false},"featured_media":6509,"template":"","meta":[],"product_cat":[202,155],"product_tag":[],"yoast_head":"<!-- This site is optimized with the Yoast SEO plugin v19.1 - https:\/\/yoast.com\/wordpress\/plugins\/seo\/ -->\n<title>Boucles d&#039;oreilles Fleurs Pens\u00e9es en argent recycl\u00e9<\/title>\n<meta name=\"description\" content=\"Boucles fleurs de Pens\u00e9es fabriqu\u00e9es \u00e0 la main en argent recycl\u00e9. D\u00e9couvrez tous les bijoux inspir\u00e9s de la nature dans le jardin !\" \/>\n<meta name=\"robots\" content=\"index, follow, max-snippet:-1, max-image-preview:large, max-video-preview:-1\" \/>\n<link rel=\"canonical\" href=\"https:\/\/www.elle-et-sens.fr\/index.php\/produit\/boucles-oreilles-nature-fleur-pensee-argent-recycle\/\" \/>\n<meta property=\"og:locale\" content=\"fr_FR\" \/>\n<meta property=\"og:type\" content=\"article\" \/>\n<meta property=\"og:title\" content=\"Boucles d&#039;oreilles Fleurs Pens\u00e9es en argent recycl\u00e9\" \/>\n<meta property=\"og:description\" content=\"Boucles fleurs de Pens\u00e9es fabriqu\u00e9es \u00e0 la main en argent recycl\u00e9. D\u00e9couvrez tous les bijoux inspir\u00e9s de la nature dans le jardin !\" \/>\n<meta property=\"og:url\" content=\"https:\/\/www.elle-et-sens.fr\/index.php\/produit\/boucles-oreilles-nature-fleur-pensee-argent-recycle\/\" \/>\n<meta property=\"og:site_name\" content=\"Elle &amp; Sens\" \/>\n<meta property=\"article:modified_time\" content=\"2024-04-10T11:11:22+00:00\" \/>\n<meta property=\"og:image\" content=\"https:\/\/www.elle-et-sens.fr\/wp-content\/uploads\/2022\/04\/P1010481-scaled-e1655454693456.jpeg\" \/>\n\t<meta property=\"og:image:width\" content=\"1600\" \/>\n\t<meta property=\"og:image:height\" content=\"2560\" \/>\n\t<meta property=\"og:image:type\" content=\"image\/jpeg\" \/>\n<meta name=\"twitter:card\" content=\"summary_large_image\" \/>\n<meta name=\"twitter:label1\" content=\"Dur\u00e9e de lecture estim\u00e9e\" \/>\n\t<meta name=\"twitter:data1\" content=\"1 minute\" \/>\n<script type=\"application\/ld+json\" class=\"yoast-schema-graph\">{\"@context\":\"https:\/\/schema.org\",\"@graph\":[{\"@type\":\"Organization\",\"@id\":\"https:\/\/www.elle-et-sens.fr\/#organization\",\"name\":\"Elle & Sens\",\"url\":\"https:\/\/www.elle-et-sens.fr\/\",\"sameAs\":[\"https:\/\/www.instagram.com\/elle.et.sens\/\",\"https:\/\/www.pinterest.fr\/elleetsens\/\"],\"logo\":{\"@type\":\"ImageObject\",\"inLanguage\":\"fr-FR\",\"@id\":\"https:\/\/www.elle-et-sens.fr\/#\/schema\/logo\/image\/\",\"url\":\"\",\"contentUrl\":\"\",\"caption\":\"Elle & Sens\"},\"image\":{\"@id\":\"https:\/\/www.elle-et-sens.fr\/#\/schema\/logo\/image\/\"}},{\"@type\":\"WebSite\",\"@id\":\"https:\/\/www.elle-et-sens.fr\/#website\",\"url\":\"https:\/\/www.elle-et-sens.fr\/\",\"name\":\"Elle &amp; Sens\",\"description\":\"Bijoux \u00e9thiques inspir\u00e9s de la nature \",\"publisher\":{\"@id\":\"https:\/\/www.elle-et-sens.fr\/#organization\"},\"potentialAction\":[{\"@type\":\"SearchAction\",\"target\":{\"@type\":\"EntryPoint\",\"urlTemplate\":\"https:\/\/www.elle-et-sens.fr\/?s={search_term_string}\"},\"query-input\":\"required name=search_term_string\"}],\"inLanguage\":\"fr-FR\"},{\"@type\":\"ImageObject\",\"inLanguage\":\"fr-FR\",\"@id\":\"https:\/\/www.elle-et-sens.fr\/index.php\/produit\/boucles-oreilles-nature-fleur-pensee-argent-recycle\/#primaryimage\",\"url\":\"https:\/\/www.elle-et-sens.fr\/wp-content\/uploads\/2022\/04\/P1010481-scaled-e1655454693456.jpeg\",\"contentUrl\":\"https:\/\/www.elle-et-sens.fr\/wp-content\/uploads\/2022\/04\/P1010481-scaled-e1655454693456.jpeg\",\"width\":1600,\"height\":2560,\"caption\":\"Boucles oreilles nature fleurs pens\u00e9es argent recycl\u00e9\"},{\"@type\":\"WebPage\",\"@id\":\"https:\/\/www.elle-et-sens.fr\/index.php\/produit\/boucles-oreilles-nature-fleur-pensee-argent-recycle\/#webpage\",\"url\":\"https:\/\/www.elle-et-sens.fr\/index.php\/produit\/boucles-oreilles-nature-fleur-pensee-argent-recycle\/\",\"name\":\"Boucles d'oreilles Fleurs Pens\u00e9es en argent recycl\u00e9\",\"isPartOf\":{\"@id\":\"https:\/\/www.elle-et-sens.fr\/#website\"},\"primaryImageOfPage\":{\"@id\":\"https:\/\/www.elle-et-sens.fr\/index.php\/produit\/boucles-oreilles-nature-fleur-pensee-argent-recycle\/#primaryimage\"},\"datePublished\":\"2023-05-12T12:40:46+00:00\",\"dateModified\":\"2024-04-10T11:11:22+00:00\",\"description\":\"Boucles fleurs de Pens\u00e9es fabriqu\u00e9es \u00e0 la main en argent recycl\u00e9. D\u00e9couvrez tous les bijoux inspir\u00e9s de la nature dans le jardin !\",\"breadcrumb\":{\"@id\":\"https:\/\/www.elle-et-sens.fr\/index.php\/produit\/boucles-oreilles-nature-fleur-pensee-argent-recycle\/#breadcrumb\"},\"inLanguage\":\"fr-FR\",\"potentialAction\":[{\"@type\":\"ReadAction\",\"target\":[\"https:\/\/www.elle-et-sens.fr\/index.php\/produit\/boucles-oreilles-nature-fleur-pensee-argent-recycle\/\"]}]},{\"@type\":\"BreadcrumbList\",\"@id\":\"https:\/\/www.elle-et-sens.fr\/index.php\/produit\/boucles-oreilles-nature-fleur-pensee-argent-recycle\/#breadcrumb\",\"itemListElement\":[{\"@type\":\"ListItem\",\"position\":1,\"name\":\"Accueil\",\"item\":\"https:\/\/www.elle-et-sens.fr\/\"},{\"@type\":\"ListItem\",\"position\":2,\"name\":\"Le jardin de cr\u00e9ations botaniques\",\"item\":\"https:\/\/www.elle-et-sens.fr\/index.php\/creations-botaniques\/\"},{\"@type\":\"ListItem\",\"position\":3,\"name\":\"Boucles d&#8217;oreilles &#8211; Fleurs Pens\u00e9es &#8211; Argent recycl\u00e9\"}]}]}<\/script>\n<!-- \/ Yoast SEO plugin. -->","yoast_head_json":{"title":"Boucles d'oreilles Fleurs Pens\u00e9es en argent recycl\u00e9","description":"Boucles fleurs de Pens\u00e9es fabriqu\u00e9es \u00e0 la main en argent recycl\u00e9. D\u00e9couvrez tous les bijoux inspir\u00e9s de la nature dans le jardin !","robots":{"index":"index","follow":"follow","max-snippet":"max-snippet:-1","max-image-preview":"max-image-preview:large","max-video-preview":"max-video-preview:-1"},"canonical":"https:\/\/www.elle-et-sens.fr\/index.php\/produit\/boucles-oreilles-nature-fleur-pensee-argent-recycle\/","og_locale":"fr_FR","og_type":"article","og_title":"Boucles d'oreilles Fleurs Pens\u00e9es en argent recycl\u00e9","og_description":"Boucles fleurs de Pens\u00e9es fabriqu\u00e9es \u00e0 la main en argent recycl\u00e9. D\u00e9couvrez tous les bijoux inspir\u00e9s de la nature dans le jardin !","og_url":"https:\/\/www.elle-et-sens.fr\/index.php\/produit\/boucles-oreilles-nature-fleur-pensee-argent-recycle\/","og_site_name":"Elle &amp; Sens","article_modified_time":"2024-04-10T11:11:22+00:00","og_image":[{"width":1600,"height":2560,"url":"https:\/\/www.elle-et-sens.fr\/wp-content\/uploads\/2022\/04\/P1010481-scaled-e1655454693456.jpeg","type":"image\/jpeg"}],"twitter_card":"summary_large_image","twitter_misc":{"Dur\u00e9e de lecture estim\u00e9e":"1 minute"},"schema":{"@context":"https:\/\/schema.org","@graph":[{"@type":"Organization","@id":"https:\/\/www.elle-et-sens.fr\/#organization","name":"Elle & Sens","url":"https:\/\/www.elle-et-sens.fr\/","sameAs":["https:\/\/www.instagram.com\/elle.et.sens\/","https:\/\/www.pinterest.fr\/elleetsens\/"],"logo":{"@type":"ImageObject","inLanguage":"fr-FR","@id":"https:\/\/www.elle-et-sens.fr\/#\/schema\/logo\/image\/","url":"","contentUrl":"","caption":"Elle & Sens"},"image":{"@id":"https:\/\/www.elle-et-sens.fr\/#\/schema\/logo\/image\/"}},{"@type":"WebSite","@id":"https:\/\/www.elle-et-sens.fr\/#website","url":"https:\/\/www.elle-et-sens.fr\/","name":"Elle &amp; Sens","description":"Bijoux \u00e9thiques inspir\u00e9s de la nature ","publisher":{"@id":"https:\/\/www.elle-et-sens.fr\/#organization"},"potentialAction":[{"@type":"SearchAction","target":{"@type":"EntryPoint","urlTemplate":"https:\/\/www.elle-et-sens.fr\/?s={search_term_string}"},"query-input":"required name=search_term_string"}],"inLanguage":"fr-FR"},{"@type":"ImageObject","inLanguage":"fr-FR","@id":"https:\/\/www.elle-et-sens.fr\/index.php\/produit\/boucles-oreilles-nature-fleur-pensee-argent-recycle\/#primaryimage","url":"https:\/\/www.elle-et-sens.fr\/wp-content\/uploads\/2022\/04\/P1010481-scaled-e1655454693456.jpeg","contentUrl":"https:\/\/www.elle-et-sens.fr\/wp-content\/uploads\/2022\/04\/P1010481-scaled-e1655454693456.jpeg","width":1600,"height":2560,"caption":"Boucles oreilles nature fleurs pens\u00e9es argent recycl\u00e9"},{"@type":"WebPage","@id":"https:\/\/www.elle-et-sens.fr\/index.php\/produit\/boucles-oreilles-nature-fleur-pensee-argent-recycle\/#webpage","url":"https:\/\/www.elle-et-sens.fr\/index.php\/produit\/boucles-oreilles-nature-fleur-pensee-argent-recycle\/","name":"Boucles d'oreilles Fleurs Pens\u00e9es en argent recycl\u00e9","isPartOf":{"@id":"https:\/\/www.elle-et-sens.fr\/#website"},"primaryImageOfPage":{"@id":"https:\/\/www.elle-et-sens.fr\/index.php\/produit\/boucles-oreilles-nature-fleur-pensee-argent-recycle\/#primaryimage"},"datePublished":"2023-05-12T12:40:46+00:00","dateModified":"2024-04-10T11:11:22+00:00","description":"Boucles fleurs de Pens\u00e9es fabriqu\u00e9es \u00e0 la main en argent recycl\u00e9. D\u00e9couvrez tous les bijoux inspir\u00e9s de la nature dans le jardin !","breadcrumb":{"@id":"https:\/\/www.elle-et-sens.fr\/index.php\/produit\/boucles-oreilles-nature-fleur-pensee-argent-recycle\/#breadcrumb"},"inLanguage":"fr-FR","potentialAction":[{"@type":"ReadAction","target":["https:\/\/www.elle-et-sens.fr\/index.php\/produit\/boucles-oreilles-nature-fleur-pensee-argent-recycle\/"]}]},{"@type":"BreadcrumbList","@id":"https:\/\/www.elle-et-sens.fr\/index.php\/produit\/boucles-oreilles-nature-fleur-pensee-argent-recycle\/#breadcrumb","itemListElement":[{"@type":"ListItem","position":1,"name":"Accueil","item":"https:\/\/www.elle-et-sens.fr\/"},{"@type":"ListItem","position":2,"name":"Le jardin de cr\u00e9ations botaniques","item":"https:\/\/www.elle-et-sens.fr\/index.php\/creations-botaniques\/"},{"@type":"ListItem","position":3,"name":"Boucles d&#8217;oreilles &#8211; Fleurs Pens\u00e9es &#8211; Argent recycl\u00e9"}]}]}},"post_mailing_queue_ids":[],"_links":{"self":[{"href":"https:\/\/www.elle-et-sens.fr\/index.php\/wp-json\/wp\/v2\/product\/5890"}],"collection":[{"href":"https:\/\/www.elle-et-sens.fr\/index.php\/wp-json\/wp\/v2\/product"}],"about":[{"href":"https:\/\/www.elle-et-sens.fr\/index.php\/wp-json\/wp\/v2\/types\/product"}],"version-history":[{"count":0,"href":"https:\/\/www.elle-et-sens.fr\/index.php\/wp-json\/wp\/v2\/product\/5890\/revisions"}],"wp:featuredmedia":[{"embeddable":true,"href":"https:\/\/www.elle-et-sens.fr\/index.php\/wp-json\/wp\/v2\/media\/6509"}],"wp:attachment":[{"href":"https:\/\/www.elle-et-sens.fr\/index.php\/wp-json\/wp\/v2\/media?parent=5890"}],"wp:term":[{"taxonomy":"product_cat","embeddable":true,"href":"https:\/\/www.elle-et-sens.fr\/index.php\/wp-json\/wp\/v2\/product_cat?post=5890"},{"taxonomy":"product_tag","embeddable":true,"href":"https:\/\/www.elle-et-sens.fr\/index.php\/wp-json\/wp\/v2\/product_tag?post=5890"}],"curies":[{"name":"wp","href":"https:\/\/api.w.org\/{rel}","templated":true}]}}