{"id":5825,"date":"2023-05-12T13:53:14","date_gmt":"2023-05-12T11:53:14","guid":{"rendered":"https:\/\/www.elle-et-sens.fr\/?post_type=product&#038;p=5825"},"modified":"2023-10-09T11:09:02","modified_gmt":"2023-10-09T09:09:02","slug":"collier-feuilles-nature-fishbone-cactus-argent-recycle","status":"publish","type":"product","link":"https:\/\/www.elle-et-sens.fr\/index.php\/produit\/collier-feuilles-nature-fishbone-cactus-argent-recycle\/","title":{"rendered":"Collier Feuilles &#8211; Fishbone Cactus &#8211; Argent recycl\u00e9"},"content":{"rendered":"<p><strong>Bijou totem :<\/strong><\/p>\n<ul>\n<li>Ce collier est particuli\u00e8rement destin\u00e9 aux personnes qui sortent leurs piques assez facilement dans leurs relations aux autres !<\/li>\n<li>C\u2019est le bijou totem des personnes qui veulent plus de douceur et de l\u00e2cher prise dans leur quotidien.<\/li>\n<\/ul>\n<p><strong>Cr\u00e9ation unique :<\/strong><\/p>\n<ul>\n<li>Adopter une des cr\u00e9ations botaniques Elle &amp; Sens c\u2019est porter un bijou pr\u00e9cieux et \u00e9thique que tu ne retrouveras pas partout !<\/li>\n<li>Tous les bijoux Elle &amp; Sens sont fait-main selon les techniques de la bijouterie traditionnelle ce qui fait que chaque cr\u00e9ation est vraiment unique.<\/li>\n<\/ul>\n<p><strong>Bijouterie \u00e9thique et responsable<\/strong>\u00a0:<\/p>\n<ul>\n<li>Ce collier est fabriqu\u00e9 \u00e0 partir d\u2019argent 925 recycl\u00e9, un m\u00e9tal pr\u00e9cieux, durable et recyclable \u00e0 l\u2019infini.<\/li>\n<li>Ce bijou est emball\u00e9 dans une jolie boite tiroir en carton FSC, \u00e9co-responsable ins\u00e9r\u00e9e dans un pochon en coton au logo de la marque.<\/li>\n<\/ul>\n<p class=\"p1\"><i>\u00a0<\/i><\/p>\n<p class=\"p1\"><i>Ce bijou est fabriqu\u00e9 \u00e0 la commande et partira donc de l&#8217;atelier sous un d\u00e9lai de 3 \u00e0 4 semaines. Les d\u00e9lais de livraison sont ensuite d\u2019environ 2 jours pour la France et 1 semaine pour l\u2019Europe.\u00a0<\/i><span class=\"Apple-converted-space\">\u00a0<\/span><i><\/i><\/p>\n","protected":false},"excerpt":{"rendered":"<p>Collier en argent sculpt\u00e9, cactus fishbone. Un bijou <strong>original et \u00e9l\u00e9gant<\/strong>, inspir\u00e9 du printemps,\u00a0<strong>enti\u00e8rement r\u00e9alis\u00e9 \u00e0 la main en France.<\/strong><\/p>\n<p>Bijou totem symbolisant nos parts d\u2019ombre et de lumi\u00e8re \u2026 le fishbone est un cactus, mais tout en rondeur et en douceur.<\/p>\n<p><strong><em>Porter ce bijou permet de rappeler que nous avons le contr\u00f4le sur la face de nous que nous avons envie de partager aux autres, notre c\u00f4t\u00e9 piquant comme notre c\u00f4t\u00e9 doux.<\/em><\/strong><\/p>\n<p>Ce coller est fabriqu\u00e9 de mani\u00e8re artisanale, il peut donc y avoir de l\u00e9g\u00e8res variations. Chaque cr\u00e9ation est vraiment unique.<\/p>\n<p><strong>Longueur du collier :<\/strong> au choix \u00e0 47cm ou 51cm (il y a deux anneaux diff\u00e9rents disponibles pour fermer le collier)<\/p>\n<p><strong>Longueur du pendentif feuilles<\/strong> : 3 cm<\/p>\n<p class=\"p1\"><strong>Mati\u00e8re utilis\u00e9e<\/strong>\u00a0: argent 925 recycl\u00e9<\/p>\n<div class=\"product-short-description\">\n<p class=\"p1\"><b>D\u00e9lai d&#8217;envoi :<\/b> ce bijou est fabriqu\u00e9 \u00e0 la commande sous un d\u00e9lai de 3 \u00e0 4 semaines.<\/p>\n<\/div>\n","protected":false},"featured_media":6493,"template":"","meta":[],"product_cat":[201,155],"product_tag":[],"yoast_head":"<!-- This site is optimized with the Yoast SEO plugin v19.1 - https:\/\/yoast.com\/wordpress\/plugins\/seo\/ -->\n<title>Collier pendentif feuilles en argent recycl\u00e9, inspir\u00e9 de la nature<\/title>\n<meta name=\"description\" content=\"Cr\u00e9oles feuilles de Fishbone Cactus fabriqu\u00e9es \u00e0 la main en argent recycl\u00e9. D\u00e9couvre tous les bijoux inspir\u00e9s de la nature dans le jardin !\" \/>\n<meta name=\"robots\" content=\"index, follow, max-snippet:-1, max-image-preview:large, max-video-preview:-1\" \/>\n<link rel=\"canonical\" href=\"https:\/\/www.elle-et-sens.fr\/index.php\/produit\/collier-feuilles-nature-fishbone-cactus-argent-recycle\/\" \/>\n<meta property=\"og:locale\" content=\"fr_FR\" \/>\n<meta property=\"og:type\" content=\"article\" \/>\n<meta property=\"og:title\" content=\"Collier pendentif feuilles en argent recycl\u00e9, inspir\u00e9 de la nature\" \/>\n<meta property=\"og:description\" content=\"Cr\u00e9oles feuilles de Fishbone Cactus fabriqu\u00e9es \u00e0 la main en argent recycl\u00e9. D\u00e9couvre tous les bijoux inspir\u00e9s de la nature dans le jardin !\" \/>\n<meta property=\"og:url\" content=\"https:\/\/www.elle-et-sens.fr\/index.php\/produit\/collier-feuilles-nature-fishbone-cactus-argent-recycle\/\" \/>\n<meta property=\"og:site_name\" content=\"Elle &amp; Sens\" \/>\n<meta property=\"article:modified_time\" content=\"2023-10-09T09:09:02+00:00\" \/>\n<meta property=\"og:image\" content=\"https:\/\/www.elle-et-sens.fr\/wp-content\/uploads\/2022\/04\/P1010102-1-scaled-e1655454603431.jpeg\" \/>\n\t<meta property=\"og:image:width\" content=\"1600\" \/>\n\t<meta property=\"og:image:height\" content=\"2560\" \/>\n\t<meta property=\"og:image:type\" content=\"image\/jpeg\" \/>\n<meta name=\"twitter:card\" content=\"summary_large_image\" \/>\n<meta name=\"twitter:label1\" content=\"Dur\u00e9e de lecture estim\u00e9e\" \/>\n\t<meta name=\"twitter:data1\" content=\"1 minute\" \/>\n<script type=\"application\/ld+json\" class=\"yoast-schema-graph\">{\"@context\":\"https:\/\/schema.org\",\"@graph\":[{\"@type\":\"Organization\",\"@id\":\"https:\/\/www.elle-et-sens.fr\/#organization\",\"name\":\"Elle & Sens\",\"url\":\"https:\/\/www.elle-et-sens.fr\/\",\"sameAs\":[\"https:\/\/www.instagram.com\/elle.et.sens\/\",\"https:\/\/www.pinterest.fr\/elleetsens\/\"],\"logo\":{\"@type\":\"ImageObject\",\"inLanguage\":\"fr-FR\",\"@id\":\"https:\/\/www.elle-et-sens.fr\/#\/schema\/logo\/image\/\",\"url\":\"\",\"contentUrl\":\"\",\"caption\":\"Elle & Sens\"},\"image\":{\"@id\":\"https:\/\/www.elle-et-sens.fr\/#\/schema\/logo\/image\/\"}},{\"@type\":\"WebSite\",\"@id\":\"https:\/\/www.elle-et-sens.fr\/#website\",\"url\":\"https:\/\/www.elle-et-sens.fr\/\",\"name\":\"Elle &amp; Sens\",\"description\":\"Bijoux \u00e9thiques inspir\u00e9s de la nature \",\"publisher\":{\"@id\":\"https:\/\/www.elle-et-sens.fr\/#organization\"},\"potentialAction\":[{\"@type\":\"SearchAction\",\"target\":{\"@type\":\"EntryPoint\",\"urlTemplate\":\"https:\/\/www.elle-et-sens.fr\/?s={search_term_string}\"},\"query-input\":\"required name=search_term_string\"}],\"inLanguage\":\"fr-FR\"},{\"@type\":\"ImageObject\",\"inLanguage\":\"fr-FR\",\"@id\":\"https:\/\/www.elle-et-sens.fr\/index.php\/produit\/collier-feuilles-nature-fishbone-cactus-argent-recycle\/#primaryimage\",\"url\":\"https:\/\/www.elle-et-sens.fr\/wp-content\/uploads\/2022\/04\/P1010102-1-scaled-e1655454603431.jpeg\",\"contentUrl\":\"https:\/\/www.elle-et-sens.fr\/wp-content\/uploads\/2022\/04\/P1010102-1-scaled-e1655454603431.jpeg\",\"width\":1600,\"height\":2560,\"caption\":\"collier feuille nature fishbone cactus argent recycle\"},{\"@type\":\"WebPage\",\"@id\":\"https:\/\/www.elle-et-sens.fr\/index.php\/produit\/collier-feuilles-nature-fishbone-cactus-argent-recycle\/#webpage\",\"url\":\"https:\/\/www.elle-et-sens.fr\/index.php\/produit\/collier-feuilles-nature-fishbone-cactus-argent-recycle\/\",\"name\":\"Collier pendentif feuilles en argent recycl\u00e9, inspir\u00e9 de la nature\",\"isPartOf\":{\"@id\":\"https:\/\/www.elle-et-sens.fr\/#website\"},\"primaryImageOfPage\":{\"@id\":\"https:\/\/www.elle-et-sens.fr\/index.php\/produit\/collier-feuilles-nature-fishbone-cactus-argent-recycle\/#primaryimage\"},\"datePublished\":\"2023-05-12T11:53:14+00:00\",\"dateModified\":\"2023-10-09T09:09:02+00:00\",\"description\":\"Cr\u00e9oles feuilles de Fishbone Cactus fabriqu\u00e9es \u00e0 la main en argent recycl\u00e9. D\u00e9couvre tous les bijoux inspir\u00e9s de la nature dans le jardin !\",\"breadcrumb\":{\"@id\":\"https:\/\/www.elle-et-sens.fr\/index.php\/produit\/collier-feuilles-nature-fishbone-cactus-argent-recycle\/#breadcrumb\"},\"inLanguage\":\"fr-FR\",\"potentialAction\":[{\"@type\":\"ReadAction\",\"target\":[\"https:\/\/www.elle-et-sens.fr\/index.php\/produit\/collier-feuilles-nature-fishbone-cactus-argent-recycle\/\"]}]},{\"@type\":\"BreadcrumbList\",\"@id\":\"https:\/\/www.elle-et-sens.fr\/index.php\/produit\/collier-feuilles-nature-fishbone-cactus-argent-recycle\/#breadcrumb\",\"itemListElement\":[{\"@type\":\"ListItem\",\"position\":1,\"name\":\"Accueil\",\"item\":\"https:\/\/www.elle-et-sens.fr\/\"},{\"@type\":\"ListItem\",\"position\":2,\"name\":\"Le jardin de cr\u00e9ations botaniques\",\"item\":\"https:\/\/www.elle-et-sens.fr\/index.php\/creations-botaniques\/\"},{\"@type\":\"ListItem\",\"position\":3,\"name\":\"Collier Feuilles &#8211; Fishbone Cactus &#8211; Argent recycl\u00e9\"}]}]}<\/script>\n<!-- \/ Yoast SEO plugin. -->","yoast_head_json":{"title":"Collier pendentif feuilles en argent recycl\u00e9, inspir\u00e9 de la nature","description":"Cr\u00e9oles feuilles de Fishbone Cactus fabriqu\u00e9es \u00e0 la main en argent recycl\u00e9. D\u00e9couvre tous les bijoux inspir\u00e9s de la nature dans le jardin !","robots":{"index":"index","follow":"follow","max-snippet":"max-snippet:-1","max-image-preview":"max-image-preview:large","max-video-preview":"max-video-preview:-1"},"canonical":"https:\/\/www.elle-et-sens.fr\/index.php\/produit\/collier-feuilles-nature-fishbone-cactus-argent-recycle\/","og_locale":"fr_FR","og_type":"article","og_title":"Collier pendentif feuilles en argent recycl\u00e9, inspir\u00e9 de la nature","og_description":"Cr\u00e9oles feuilles de Fishbone Cactus fabriqu\u00e9es \u00e0 la main en argent recycl\u00e9. D\u00e9couvre tous les bijoux inspir\u00e9s de la nature dans le jardin !","og_url":"https:\/\/www.elle-et-sens.fr\/index.php\/produit\/collier-feuilles-nature-fishbone-cactus-argent-recycle\/","og_site_name":"Elle &amp; Sens","article_modified_time":"2023-10-09T09:09:02+00:00","og_image":[{"width":1600,"height":2560,"url":"https:\/\/www.elle-et-sens.fr\/wp-content\/uploads\/2022\/04\/P1010102-1-scaled-e1655454603431.jpeg","type":"image\/jpeg"}],"twitter_card":"summary_large_image","twitter_misc":{"Dur\u00e9e de lecture estim\u00e9e":"1 minute"},"schema":{"@context":"https:\/\/schema.org","@graph":[{"@type":"Organization","@id":"https:\/\/www.elle-et-sens.fr\/#organization","name":"Elle & Sens","url":"https:\/\/www.elle-et-sens.fr\/","sameAs":["https:\/\/www.instagram.com\/elle.et.sens\/","https:\/\/www.pinterest.fr\/elleetsens\/"],"logo":{"@type":"ImageObject","inLanguage":"fr-FR","@id":"https:\/\/www.elle-et-sens.fr\/#\/schema\/logo\/image\/","url":"","contentUrl":"","caption":"Elle & Sens"},"image":{"@id":"https:\/\/www.elle-et-sens.fr\/#\/schema\/logo\/image\/"}},{"@type":"WebSite","@id":"https:\/\/www.elle-et-sens.fr\/#website","url":"https:\/\/www.elle-et-sens.fr\/","name":"Elle &amp; Sens","description":"Bijoux \u00e9thiques inspir\u00e9s de la nature ","publisher":{"@id":"https:\/\/www.elle-et-sens.fr\/#organization"},"potentialAction":[{"@type":"SearchAction","target":{"@type":"EntryPoint","urlTemplate":"https:\/\/www.elle-et-sens.fr\/?s={search_term_string}"},"query-input":"required name=search_term_string"}],"inLanguage":"fr-FR"},{"@type":"ImageObject","inLanguage":"fr-FR","@id":"https:\/\/www.elle-et-sens.fr\/index.php\/produit\/collier-feuilles-nature-fishbone-cactus-argent-recycle\/#primaryimage","url":"https:\/\/www.elle-et-sens.fr\/wp-content\/uploads\/2022\/04\/P1010102-1-scaled-e1655454603431.jpeg","contentUrl":"https:\/\/www.elle-et-sens.fr\/wp-content\/uploads\/2022\/04\/P1010102-1-scaled-e1655454603431.jpeg","width":1600,"height":2560,"caption":"collier feuille nature fishbone cactus argent recycle"},{"@type":"WebPage","@id":"https:\/\/www.elle-et-sens.fr\/index.php\/produit\/collier-feuilles-nature-fishbone-cactus-argent-recycle\/#webpage","url":"https:\/\/www.elle-et-sens.fr\/index.php\/produit\/collier-feuilles-nature-fishbone-cactus-argent-recycle\/","name":"Collier pendentif feuilles en argent recycl\u00e9, inspir\u00e9 de la nature","isPartOf":{"@id":"https:\/\/www.elle-et-sens.fr\/#website"},"primaryImageOfPage":{"@id":"https:\/\/www.elle-et-sens.fr\/index.php\/produit\/collier-feuilles-nature-fishbone-cactus-argent-recycle\/#primaryimage"},"datePublished":"2023-05-12T11:53:14+00:00","dateModified":"2023-10-09T09:09:02+00:00","description":"Cr\u00e9oles feuilles de Fishbone Cactus fabriqu\u00e9es \u00e0 la main en argent recycl\u00e9. D\u00e9couvre tous les bijoux inspir\u00e9s de la nature dans le jardin !","breadcrumb":{"@id":"https:\/\/www.elle-et-sens.fr\/index.php\/produit\/collier-feuilles-nature-fishbone-cactus-argent-recycle\/#breadcrumb"},"inLanguage":"fr-FR","potentialAction":[{"@type":"ReadAction","target":["https:\/\/www.elle-et-sens.fr\/index.php\/produit\/collier-feuilles-nature-fishbone-cactus-argent-recycle\/"]}]},{"@type":"BreadcrumbList","@id":"https:\/\/www.elle-et-sens.fr\/index.php\/produit\/collier-feuilles-nature-fishbone-cactus-argent-recycle\/#breadcrumb","itemListElement":[{"@type":"ListItem","position":1,"name":"Accueil","item":"https:\/\/www.elle-et-sens.fr\/"},{"@type":"ListItem","position":2,"name":"Le jardin de cr\u00e9ations botaniques","item":"https:\/\/www.elle-et-sens.fr\/index.php\/creations-botaniques\/"},{"@type":"ListItem","position":3,"name":"Collier Feuilles &#8211; Fishbone Cactus &#8211; Argent recycl\u00e9"}]}]}},"post_mailing_queue_ids":[],"_links":{"self":[{"href":"https:\/\/www.elle-et-sens.fr\/index.php\/wp-json\/wp\/v2\/product\/5825"}],"collection":[{"href":"https:\/\/www.elle-et-sens.fr\/index.php\/wp-json\/wp\/v2\/product"}],"about":[{"href":"https:\/\/www.elle-et-sens.fr\/index.php\/wp-json\/wp\/v2\/types\/product"}],"version-history":[{"count":0,"href":"https:\/\/www.elle-et-sens.fr\/index.php\/wp-json\/wp\/v2\/product\/5825\/revisions"}],"wp:featuredmedia":[{"embeddable":true,"href":"https:\/\/www.elle-et-sens.fr\/index.php\/wp-json\/wp\/v2\/media\/6493"}],"wp:attachment":[{"href":"https:\/\/www.elle-et-sens.fr\/index.php\/wp-json\/wp\/v2\/media?parent=5825"}],"wp:term":[{"taxonomy":"product_cat","embeddable":true,"href":"https:\/\/www.elle-et-sens.fr\/index.php\/wp-json\/wp\/v2\/product_cat?post=5825"},{"taxonomy":"product_tag","embeddable":true,"href":"https:\/\/www.elle-et-sens.fr\/index.php\/wp-json\/wp\/v2\/product_tag?post=5825"}],"curies":[{"name":"wp","href":"https:\/\/api.w.org\/{rel}","templated":true}]}}