{"id":3407,"date":"2020-10-10T15:09:15","date_gmt":"2020-10-10T13:09:15","guid":{"rendered":"https:\/\/www.elle-et-sens.fr\/?post_type=product&#038;p=3407"},"modified":"2022-06-15T16:35:12","modified_gmt":"2022-06-15T14:35:12","slug":"bague-cratere-ovale-beton-et-argent-no-wdf","status":"publish","type":"product","link":"https:\/\/www.elle-et-sens.fr\/index.php\/produit\/bague-cratere-ovale-beton-et-argent-no-wdf\/","title":{"rendered":"Bague crat\u00e8re ovale b\u00e9ton et argent recycl\u00e9"},"content":{"rendered":"<p class=\"p1\">Bijou \u00e9thique et responsable, fabriqu\u00e9 sur commande en argent recycl\u00e9 925 et b\u00e9ton color\u00e9 bleu.<\/p>\n<p class=\"p1\">Je fabrique cette bague contemporaine Ovale \u00e0 la main dans mon atelier bas\u00e9 \u00e0 Montpellier, en France. Je con\u00e7ois chaque cr\u00e9ation selon les techniques de la bijouterie traditionnelle et r\u00e9alise moi m\u00eame toutes les \u00e9tapes de fabrication : du dessin \u00e0 la d\u00e9coupe jusqu&#8217;\u00e0 la r\u00e9ticulation du m\u00e9tal et le polissage final.<\/p>\n<p class=\"p1\">Ce bijou contemporain est compos\u00e9 d&#8217;argent fin et de b\u00e9ton color\u00e9. Cette bague vous offre un mariage original et \u00e9l\u00e9gant entre la finesse de l&#8217;argent et le c\u00f4t\u00e9 brut du b\u00e9ton.<\/p>\n<p class=\"p1\"><strong>Entretien :<\/strong> ne passez pas cette bague sous l&#8217;eau chaude car le b\u00e9ton risquerait de se dissoudre dans l&#8217;eau.<\/p>\n<p><strong>Livraison :<\/strong> chaque bijou est fabriqu\u00e9 sur commande, il faut donc compter un d\u00e9lai de fabrication d\u2019environ 1 semaine. Cette bague est emball\u00e9e dans une jolie boite en carton FSC, \u00e9co-responsable ins\u00e9r\u00e9e dans un pochon en lin au logo de la marque. Les d\u00e9lais de livraison pour la France et Europe sont ensuite de 4 jours \u00e0 1 semaine.<\/p>\n","protected":false},"excerpt":{"rendered":"<p><strong>BAGUE CRAT\u00c8RE OVALE\u00a0 &#8211; B\u00c9TON BLEU ET ARGENT<\/strong><\/p>\n<p>Bague en argent 925 recycl\u00e9 et b\u00e9ton color\u00e9, fabriqu\u00e9e de mes mains d&#8217;artisane cr\u00e9atrice dans mon atelier bas\u00e9 \u00e0 Montpellier en France.<\/p>\n<p>Chaque cr\u00e9ation est unique car tous les bijoux sont r\u00e9alis\u00e9s 100% \u00e0 la main, il peut donc y avoir de l\u00e9g\u00e8res variations dans la r\u00e9ticulation du m\u00e9tal.<\/p>\n<p>Indiquez la taille de votre doigt lors de votre choix pour que la bague soit fabriqu\u00e9e \u00e0 votre taille.<\/p>\n","protected":false},"featured_media":3439,"template":"","meta":[],"product_cat":[155],"product_tag":[106],"yoast_head":"<!-- This site is optimized with the Yoast SEO plugin v19.1 - https:\/\/yoast.com\/wordpress\/plugins\/seo\/ -->\n<title>Bague contemporaine en argent r\u00e9ticul\u00e9 et b\u00e9ton bleu<\/title>\n<meta name=\"description\" content=\"D\u00e9couvrez ma collection de bijoux en b\u00e9ton color\u00e9 et argent 925 recycl\u00e9. Ils sont enti\u00e8rement fabriqu\u00e9s de mes mains d&#039;artisane dans mon atelier en France.\" \/>\n<meta name=\"robots\" content=\"index, follow, max-snippet:-1, max-image-preview:large, max-video-preview:-1\" \/>\n<link rel=\"canonical\" href=\"https:\/\/www.elle-et-sens.fr\/index.php\/produit\/bague-cratere-ovale-beton-et-argent-no-wdf\/\" \/>\n<meta property=\"og:locale\" content=\"fr_FR\" \/>\n<meta property=\"og:type\" content=\"article\" \/>\n<meta property=\"og:title\" content=\"Bague contemporaine en argent r\u00e9ticul\u00e9 et b\u00e9ton bleu\" \/>\n<meta property=\"og:description\" content=\"D\u00e9couvrez ma collection de bijoux en b\u00e9ton color\u00e9 et argent 925 recycl\u00e9. Ils sont enti\u00e8rement fabriqu\u00e9s de mes mains d&#039;artisane dans mon atelier en France.\" \/>\n<meta property=\"og:url\" content=\"https:\/\/www.elle-et-sens.fr\/index.php\/produit\/bague-cratere-ovale-beton-et-argent-no-wdf\/\" \/>\n<meta property=\"og:site_name\" content=\"Elle &amp; Sens\" \/>\n<meta property=\"article:modified_time\" content=\"2022-06-15T14:35:12+00:00\" \/>\n<meta property=\"og:image\" content=\"https:\/\/www.elle-et-sens.fr\/wp-content\/uploads\/2020\/10\/Bague-Ovale-be\u0301ton-et-argent-5-Elle-Sens-scaled.jpg\" \/>\n\t<meta property=\"og:image:width\" content=\"2560\" \/>\n\t<meta property=\"og:image:height\" content=\"2560\" \/>\n\t<meta property=\"og:image:type\" content=\"image\/jpeg\" \/>\n<meta name=\"twitter:card\" content=\"summary_large_image\" \/>\n<meta name=\"twitter:label1\" content=\"Dur\u00e9e de lecture estim\u00e9e\" \/>\n\t<meta name=\"twitter:data1\" content=\"1 minute\" \/>\n<script type=\"application\/ld+json\" class=\"yoast-schema-graph\">{\"@context\":\"https:\/\/schema.org\",\"@graph\":[{\"@type\":\"Organization\",\"@id\":\"https:\/\/www.elle-et-sens.fr\/#organization\",\"name\":\"Elle & Sens\",\"url\":\"https:\/\/www.elle-et-sens.fr\/\",\"sameAs\":[\"https:\/\/www.instagram.com\/elle.et.sens\/\",\"https:\/\/www.pinterest.fr\/elleetsens\/\"],\"logo\":{\"@type\":\"ImageObject\",\"inLanguage\":\"fr-FR\",\"@id\":\"https:\/\/www.elle-et-sens.fr\/#\/schema\/logo\/image\/\",\"url\":\"\",\"contentUrl\":\"\",\"caption\":\"Elle & Sens\"},\"image\":{\"@id\":\"https:\/\/www.elle-et-sens.fr\/#\/schema\/logo\/image\/\"}},{\"@type\":\"WebSite\",\"@id\":\"https:\/\/www.elle-et-sens.fr\/#website\",\"url\":\"https:\/\/www.elle-et-sens.fr\/\",\"name\":\"Elle &amp; Sens\",\"description\":\"Bijoux \u00e9thiques inspir\u00e9s de la nature \",\"publisher\":{\"@id\":\"https:\/\/www.elle-et-sens.fr\/#organization\"},\"potentialAction\":[{\"@type\":\"SearchAction\",\"target\":{\"@type\":\"EntryPoint\",\"urlTemplate\":\"https:\/\/www.elle-et-sens.fr\/?s={search_term_string}\"},\"query-input\":\"required name=search_term_string\"}],\"inLanguage\":\"fr-FR\"},{\"@type\":\"ImageObject\",\"inLanguage\":\"fr-FR\",\"@id\":\"https:\/\/www.elle-et-sens.fr\/index.php\/produit\/bague-cratere-ovale-beton-et-argent-no-wdf\/#primaryimage\",\"url\":\"https:\/\/www.elle-et-sens.fr\/wp-content\/uploads\/2020\/10\/Bague-Ovale-be\u0301ton-et-argent-5-Elle-Sens-scaled.jpg\",\"contentUrl\":\"https:\/\/www.elle-et-sens.fr\/wp-content\/uploads\/2020\/10\/Bague-Ovale-be\u0301ton-et-argent-5-Elle-Sens-scaled.jpg\",\"width\":2560,\"height\":2560},{\"@type\":\"WebPage\",\"@id\":\"https:\/\/www.elle-et-sens.fr\/index.php\/produit\/bague-cratere-ovale-beton-et-argent-no-wdf\/#webpage\",\"url\":\"https:\/\/www.elle-et-sens.fr\/index.php\/produit\/bague-cratere-ovale-beton-et-argent-no-wdf\/\",\"name\":\"Bague contemporaine en argent r\u00e9ticul\u00e9 et b\u00e9ton bleu\",\"isPartOf\":{\"@id\":\"https:\/\/www.elle-et-sens.fr\/#website\"},\"primaryImageOfPage\":{\"@id\":\"https:\/\/www.elle-et-sens.fr\/index.php\/produit\/bague-cratere-ovale-beton-et-argent-no-wdf\/#primaryimage\"},\"datePublished\":\"2020-10-10T13:09:15+00:00\",\"dateModified\":\"2022-06-15T14:35:12+00:00\",\"description\":\"D\u00e9couvrez ma collection de bijoux en b\u00e9ton color\u00e9 et argent 925 recycl\u00e9. Ils sont enti\u00e8rement fabriqu\u00e9s de mes mains d'artisane dans mon atelier en France.\",\"breadcrumb\":{\"@id\":\"https:\/\/www.elle-et-sens.fr\/index.php\/produit\/bague-cratere-ovale-beton-et-argent-no-wdf\/#breadcrumb\"},\"inLanguage\":\"fr-FR\",\"potentialAction\":[{\"@type\":\"ReadAction\",\"target\":[\"https:\/\/www.elle-et-sens.fr\/index.php\/produit\/bague-cratere-ovale-beton-et-argent-no-wdf\/\"]}]},{\"@type\":\"BreadcrumbList\",\"@id\":\"https:\/\/www.elle-et-sens.fr\/index.php\/produit\/bague-cratere-ovale-beton-et-argent-no-wdf\/#breadcrumb\",\"itemListElement\":[{\"@type\":\"ListItem\",\"position\":1,\"name\":\"Accueil\",\"item\":\"https:\/\/www.elle-et-sens.fr\/\"},{\"@type\":\"ListItem\",\"position\":2,\"name\":\"Le jardin de cr\u00e9ations botaniques\",\"item\":\"https:\/\/www.elle-et-sens.fr\/index.php\/creations-botaniques\/\"},{\"@type\":\"ListItem\",\"position\":3,\"name\":\"Bague crat\u00e8re ovale b\u00e9ton et argent recycl\u00e9\"}]}]}<\/script>\n<!-- \/ Yoast SEO plugin. -->","yoast_head_json":{"title":"Bague contemporaine en argent r\u00e9ticul\u00e9 et b\u00e9ton bleu","description":"D\u00e9couvrez ma collection de bijoux en b\u00e9ton color\u00e9 et argent 925 recycl\u00e9. Ils sont enti\u00e8rement fabriqu\u00e9s de mes mains d'artisane dans mon atelier en France.","robots":{"index":"index","follow":"follow","max-snippet":"max-snippet:-1","max-image-preview":"max-image-preview:large","max-video-preview":"max-video-preview:-1"},"canonical":"https:\/\/www.elle-et-sens.fr\/index.php\/produit\/bague-cratere-ovale-beton-et-argent-no-wdf\/","og_locale":"fr_FR","og_type":"article","og_title":"Bague contemporaine en argent r\u00e9ticul\u00e9 et b\u00e9ton bleu","og_description":"D\u00e9couvrez ma collection de bijoux en b\u00e9ton color\u00e9 et argent 925 recycl\u00e9. Ils sont enti\u00e8rement fabriqu\u00e9s de mes mains d'artisane dans mon atelier en France.","og_url":"https:\/\/www.elle-et-sens.fr\/index.php\/produit\/bague-cratere-ovale-beton-et-argent-no-wdf\/","og_site_name":"Elle &amp; Sens","article_modified_time":"2022-06-15T14:35:12+00:00","og_image":[{"width":2560,"height":2560,"url":"https:\/\/www.elle-et-sens.fr\/wp-content\/uploads\/2020\/10\/Bague-Ovale-be\u0301ton-et-argent-5-Elle-Sens-scaled.jpg","type":"image\/jpeg"}],"twitter_card":"summary_large_image","twitter_misc":{"Dur\u00e9e de lecture estim\u00e9e":"1 minute"},"schema":{"@context":"https:\/\/schema.org","@graph":[{"@type":"Organization","@id":"https:\/\/www.elle-et-sens.fr\/#organization","name":"Elle & Sens","url":"https:\/\/www.elle-et-sens.fr\/","sameAs":["https:\/\/www.instagram.com\/elle.et.sens\/","https:\/\/www.pinterest.fr\/elleetsens\/"],"logo":{"@type":"ImageObject","inLanguage":"fr-FR","@id":"https:\/\/www.elle-et-sens.fr\/#\/schema\/logo\/image\/","url":"","contentUrl":"","caption":"Elle & Sens"},"image":{"@id":"https:\/\/www.elle-et-sens.fr\/#\/schema\/logo\/image\/"}},{"@type":"WebSite","@id":"https:\/\/www.elle-et-sens.fr\/#website","url":"https:\/\/www.elle-et-sens.fr\/","name":"Elle &amp; Sens","description":"Bijoux \u00e9thiques inspir\u00e9s de la nature ","publisher":{"@id":"https:\/\/www.elle-et-sens.fr\/#organization"},"potentialAction":[{"@type":"SearchAction","target":{"@type":"EntryPoint","urlTemplate":"https:\/\/www.elle-et-sens.fr\/?s={search_term_string}"},"query-input":"required name=search_term_string"}],"inLanguage":"fr-FR"},{"@type":"ImageObject","inLanguage":"fr-FR","@id":"https:\/\/www.elle-et-sens.fr\/index.php\/produit\/bague-cratere-ovale-beton-et-argent-no-wdf\/#primaryimage","url":"https:\/\/www.elle-et-sens.fr\/wp-content\/uploads\/2020\/10\/Bague-Ovale-be\u0301ton-et-argent-5-Elle-Sens-scaled.jpg","contentUrl":"https:\/\/www.elle-et-sens.fr\/wp-content\/uploads\/2020\/10\/Bague-Ovale-be\u0301ton-et-argent-5-Elle-Sens-scaled.jpg","width":2560,"height":2560},{"@type":"WebPage","@id":"https:\/\/www.elle-et-sens.fr\/index.php\/produit\/bague-cratere-ovale-beton-et-argent-no-wdf\/#webpage","url":"https:\/\/www.elle-et-sens.fr\/index.php\/produit\/bague-cratere-ovale-beton-et-argent-no-wdf\/","name":"Bague contemporaine en argent r\u00e9ticul\u00e9 et b\u00e9ton bleu","isPartOf":{"@id":"https:\/\/www.elle-et-sens.fr\/#website"},"primaryImageOfPage":{"@id":"https:\/\/www.elle-et-sens.fr\/index.php\/produit\/bague-cratere-ovale-beton-et-argent-no-wdf\/#primaryimage"},"datePublished":"2020-10-10T13:09:15+00:00","dateModified":"2022-06-15T14:35:12+00:00","description":"D\u00e9couvrez ma collection de bijoux en b\u00e9ton color\u00e9 et argent 925 recycl\u00e9. Ils sont enti\u00e8rement fabriqu\u00e9s de mes mains d'artisane dans mon atelier en France.","breadcrumb":{"@id":"https:\/\/www.elle-et-sens.fr\/index.php\/produit\/bague-cratere-ovale-beton-et-argent-no-wdf\/#breadcrumb"},"inLanguage":"fr-FR","potentialAction":[{"@type":"ReadAction","target":["https:\/\/www.elle-et-sens.fr\/index.php\/produit\/bague-cratere-ovale-beton-et-argent-no-wdf\/"]}]},{"@type":"BreadcrumbList","@id":"https:\/\/www.elle-et-sens.fr\/index.php\/produit\/bague-cratere-ovale-beton-et-argent-no-wdf\/#breadcrumb","itemListElement":[{"@type":"ListItem","position":1,"name":"Accueil","item":"https:\/\/www.elle-et-sens.fr\/"},{"@type":"ListItem","position":2,"name":"Le jardin de cr\u00e9ations botaniques","item":"https:\/\/www.elle-et-sens.fr\/index.php\/creations-botaniques\/"},{"@type":"ListItem","position":3,"name":"Bague crat\u00e8re ovale b\u00e9ton et argent recycl\u00e9"}]}]}},"post_mailing_queue_ids":[],"_links":{"self":[{"href":"https:\/\/www.elle-et-sens.fr\/index.php\/wp-json\/wp\/v2\/product\/3407"}],"collection":[{"href":"https:\/\/www.elle-et-sens.fr\/index.php\/wp-json\/wp\/v2\/product"}],"about":[{"href":"https:\/\/www.elle-et-sens.fr\/index.php\/wp-json\/wp\/v2\/types\/product"}],"version-history":[{"count":0,"href":"https:\/\/www.elle-et-sens.fr\/index.php\/wp-json\/wp\/v2\/product\/3407\/revisions"}],"wp:featuredmedia":[{"embeddable":true,"href":"https:\/\/www.elle-et-sens.fr\/index.php\/wp-json\/wp\/v2\/media\/3439"}],"wp:attachment":[{"href":"https:\/\/www.elle-et-sens.fr\/index.php\/wp-json\/wp\/v2\/media?parent=3407"}],"wp:term":[{"taxonomy":"product_cat","embeddable":true,"href":"https:\/\/www.elle-et-sens.fr\/index.php\/wp-json\/wp\/v2\/product_cat?post=3407"},{"taxonomy":"product_tag","embeddable":true,"href":"https:\/\/www.elle-et-sens.fr\/index.php\/wp-json\/wp\/v2\/product_tag?post=3407"}],"curies":[{"name":"wp","href":"https:\/\/api.w.org\/{rel}","templated":true}]}}