{"id":2677,"date":"2023-05-12T14:37:56","date_gmt":"2023-05-12T12:37:56","guid":{"rendered":"https:\/\/www.elle-et-sens.fr\/?post_type=product&#038;p=2677"},"modified":"2024-04-10T13:11:31","modified_gmt":"2024-04-10T11:11:31","slug":"boucles-oreilles-feuilles-centella-argent-recycle","status":"publish","type":"product","link":"https:\/\/www.elle-et-sens.fr\/index.php\/produit\/boucles-oreilles-feuilles-centella-argent-recycle\/","title":{"rendered":"Boucles d&#8217;oreilles feuilles de Centella &#8211; Argent recycl\u00e9"},"content":{"rendered":"<p><strong>Bijou totem :<\/strong><\/p>\n<ul>\n<li>C&#8217;est le bijou totem des amoureux du vintage, qui sont attach\u00e9s au pass\u00e9 et aux belles traditions !<\/li>\n<li>Ce bijou est destin\u00e9 aux gens qui veulent consommer diff\u00e9remment et faire partie de ceux qui transmettent des savoirs au travers des g\u00e9n\u00e9rations.<\/li>\n<\/ul>\n<p><strong>Cr\u00e9ation unique :<\/strong><\/p>\n<ul>\n<li>Adopter une des cr\u00e9ations botaniques Elle &amp; Sens c\u2019est porter un bijou pr\u00e9cieux et \u00e9thique que tu ne retrouveras pas partout !<\/li>\n<li>Tous les bijoux Elle &amp; Sens sont fait-main selon les techniques de la bijouterie traditionnelle ce qui fait que chaque cr\u00e9ation est vraiment unique.<\/li>\n<\/ul>\n<p><strong>Bijouterie \u00e9thique et responsable<\/strong>\u00a0:<\/p>\n<ul>\n<li>La feuille de centella est fabriqu\u00e9e \u00e0 partir d\u2019argent 925 recycl\u00e9, un m\u00e9tal pr\u00e9cieux, durable et recyclable \u00e0 l\u2019infini.<\/li>\n<li>Ce bijou est emball\u00e9 dans une jolie boite tiroir en carton FSC, \u00e9co-responsable ins\u00e9r\u00e9e dans un pochon en coton au logo de la marque.<\/li>\n<\/ul>\n<p>&nbsp;<\/p>\n<p class=\"p2\"><i>Ce bijou est fabriqu\u00e9 \u00e0 la commande et partira donc de l&#8217;atelier sous un d\u00e9lai de 3 \u00e0 4 semaines. Les d\u00e9lais de livraison sont ensuite d\u2019environ 2 jours pour la France et 1 semaine pour l\u2019Europe.\u00a0<\/i><span class=\"Apple-converted-space\">\u00a0<\/span><\/p>\n","protected":false},"excerpt":{"rendered":"<p>Boucles d&#8217;oreilles en argent sculpt\u00e9, feuille de centella. Un bijou <strong>intemporel et d\u00e9licat<\/strong>, inspir\u00e9 de la nature,\u00a0<strong>enti\u00e8rement r\u00e9alis\u00e9 \u00e0 la main en France.<\/strong><\/p>\n<p>Bijou totem symbolisant l\u2019importance de l\u2019ancien : la centella est une plante utilis\u00e9e depuis toujours qui a de nombreuses vertues, notamment m\u00e9dicinales.<\/p>\n<p><strong><em>Porter ce bijou permet de se rappeler que ce qui est ancien est bien souvent plus riche en histoire, et avec une autre forme de valeur que ce qui est neuf.<\/em><\/strong><\/p>\n<p>Ce bijou est fabriqu\u00e9 de mani\u00e8re artisanale, il peut donc y avoir de l\u00e9g\u00e8res variations sur la feuille. Chaque cr\u00e9ation est vraiment unique.<\/p>\n<p><strong>Taille de la feuille de centella :<\/strong>\u00a02cm X 2 cm<\/p>\n<p><strong>Mati\u00e8re utilis\u00e9e :<\/strong>\u00a0argent 925 recycl\u00e9<\/p>\n<p class=\"p1\"><b>D\u00e9lai d&#8217;envoi :<\/b> ce bijou est fabriqu\u00e9 \u00e0 la commande sous un d\u00e9lai de 3 \u00e0 4 semaines.<\/p>\n","protected":false},"featured_media":7308,"template":"","meta":[],"product_cat":[202,155],"product_tag":[139],"yoast_head":"<!-- This site is optimized with the Yoast SEO plugin v19.1 - https:\/\/yoast.com\/wordpress\/plugins\/seo\/ -->\n<title>Boucles d&#039;oreilles botaniques \u00e9thiques - Fait main en argent recycl\u00e9<\/title>\n<meta name=\"description\" content=\"Boucles d&#039;oreilles \u00e9thiques inspir\u00e9es de la nature. D\u00e9couvrez toute la collection de bijoux botaniques fabriqu\u00e9s \u00e0 la main dans mon atelier.\" \/>\n<meta name=\"robots\" content=\"index, follow, max-snippet:-1, max-image-preview:large, max-video-preview:-1\" \/>\n<link rel=\"canonical\" href=\"https:\/\/www.elle-et-sens.fr\/index.php\/produit\/boucles-oreilles-feuilles-centella-argent-recycle\/\" \/>\n<meta property=\"og:locale\" content=\"fr_FR\" \/>\n<meta property=\"og:type\" content=\"article\" \/>\n<meta property=\"og:title\" content=\"Boucles d&#039;oreilles botaniques \u00e9thiques - Fait main en argent recycl\u00e9\" \/>\n<meta property=\"og:description\" content=\"Boucles d&#039;oreilles \u00e9thiques inspir\u00e9es de la nature. D\u00e9couvrez toute la collection de bijoux botaniques fabriqu\u00e9s \u00e0 la main dans mon atelier.\" \/>\n<meta property=\"og:url\" content=\"https:\/\/www.elle-et-sens.fr\/index.php\/produit\/boucles-oreilles-feuilles-centella-argent-recycle\/\" \/>\n<meta property=\"og:site_name\" content=\"Elle &amp; Sens\" \/>\n<meta property=\"article:modified_time\" content=\"2024-04-10T11:11:31+00:00\" \/>\n<meta property=\"og:image\" content=\"https:\/\/www.elle-et-sens.fr\/wp-content\/uploads\/2020\/09\/P1010192-scaled-e1670357108793.jpeg\" \/>\n\t<meta property=\"og:image:width\" content=\"1600\" \/>\n\t<meta property=\"og:image:height\" content=\"2560\" \/>\n\t<meta property=\"og:image:type\" content=\"image\/jpeg\" \/>\n<meta name=\"twitter:card\" content=\"summary_large_image\" \/>\n<meta name=\"twitter:label1\" content=\"Dur\u00e9e de lecture estim\u00e9e\" \/>\n\t<meta name=\"twitter:data1\" content=\"1 minute\" \/>\n<script type=\"application\/ld+json\" class=\"yoast-schema-graph\">{\"@context\":\"https:\/\/schema.org\",\"@graph\":[{\"@type\":\"Organization\",\"@id\":\"https:\/\/www.elle-et-sens.fr\/#organization\",\"name\":\"Elle & Sens\",\"url\":\"https:\/\/www.elle-et-sens.fr\/\",\"sameAs\":[\"https:\/\/www.instagram.com\/elle.et.sens\/\",\"https:\/\/www.pinterest.fr\/elleetsens\/\"],\"logo\":{\"@type\":\"ImageObject\",\"inLanguage\":\"fr-FR\",\"@id\":\"https:\/\/www.elle-et-sens.fr\/#\/schema\/logo\/image\/\",\"url\":\"\",\"contentUrl\":\"\",\"caption\":\"Elle & Sens\"},\"image\":{\"@id\":\"https:\/\/www.elle-et-sens.fr\/#\/schema\/logo\/image\/\"}},{\"@type\":\"WebSite\",\"@id\":\"https:\/\/www.elle-et-sens.fr\/#website\",\"url\":\"https:\/\/www.elle-et-sens.fr\/\",\"name\":\"Elle &amp; Sens\",\"description\":\"Bijoux \u00e9thiques inspir\u00e9s de la nature \",\"publisher\":{\"@id\":\"https:\/\/www.elle-et-sens.fr\/#organization\"},\"potentialAction\":[{\"@type\":\"SearchAction\",\"target\":{\"@type\":\"EntryPoint\",\"urlTemplate\":\"https:\/\/www.elle-et-sens.fr\/?s={search_term_string}\"},\"query-input\":\"required name=search_term_string\"}],\"inLanguage\":\"fr-FR\"},{\"@type\":\"ImageObject\",\"inLanguage\":\"fr-FR\",\"@id\":\"https:\/\/www.elle-et-sens.fr\/index.php\/produit\/boucles-oreilles-feuilles-centella-argent-recycle\/#primaryimage\",\"url\":\"https:\/\/www.elle-et-sens.fr\/wp-content\/uploads\/2020\/09\/P1010192-scaled-e1670357108793.jpeg\",\"contentUrl\":\"https:\/\/www.elle-et-sens.fr\/wp-content\/uploads\/2020\/09\/P1010192-scaled-e1670357108793.jpeg\",\"width\":1600,\"height\":2560,\"caption\":\"boucles d'oreilles centella nature en argent recycl\u00e9\"},{\"@type\":\"WebPage\",\"@id\":\"https:\/\/www.elle-et-sens.fr\/index.php\/produit\/boucles-oreilles-feuilles-centella-argent-recycle\/#webpage\",\"url\":\"https:\/\/www.elle-et-sens.fr\/index.php\/produit\/boucles-oreilles-feuilles-centella-argent-recycle\/\",\"name\":\"Boucles d'oreilles botaniques \u00e9thiques - Fait main en argent recycl\u00e9\",\"isPartOf\":{\"@id\":\"https:\/\/www.elle-et-sens.fr\/#website\"},\"primaryImageOfPage\":{\"@id\":\"https:\/\/www.elle-et-sens.fr\/index.php\/produit\/boucles-oreilles-feuilles-centella-argent-recycle\/#primaryimage\"},\"datePublished\":\"2023-05-12T12:37:56+00:00\",\"dateModified\":\"2024-04-10T11:11:31+00:00\",\"description\":\"Boucles d'oreilles \u00e9thiques inspir\u00e9es de la nature. D\u00e9couvrez toute la collection de bijoux botaniques fabriqu\u00e9s \u00e0 la main dans mon atelier.\",\"breadcrumb\":{\"@id\":\"https:\/\/www.elle-et-sens.fr\/index.php\/produit\/boucles-oreilles-feuilles-centella-argent-recycle\/#breadcrumb\"},\"inLanguage\":\"fr-FR\",\"potentialAction\":[{\"@type\":\"ReadAction\",\"target\":[\"https:\/\/www.elle-et-sens.fr\/index.php\/produit\/boucles-oreilles-feuilles-centella-argent-recycle\/\"]}]},{\"@type\":\"BreadcrumbList\",\"@id\":\"https:\/\/www.elle-et-sens.fr\/index.php\/produit\/boucles-oreilles-feuilles-centella-argent-recycle\/#breadcrumb\",\"itemListElement\":[{\"@type\":\"ListItem\",\"position\":1,\"name\":\"Accueil\",\"item\":\"https:\/\/www.elle-et-sens.fr\/\"},{\"@type\":\"ListItem\",\"position\":2,\"name\":\"Le jardin de cr\u00e9ations botaniques\",\"item\":\"https:\/\/www.elle-et-sens.fr\/index.php\/creations-botaniques\/\"},{\"@type\":\"ListItem\",\"position\":3,\"name\":\"Boucles d&#8217;oreilles feuilles de Centella &#8211; Argent recycl\u00e9\"}]}]}<\/script>\n<!-- \/ Yoast SEO plugin. -->","yoast_head_json":{"title":"Boucles d'oreilles botaniques \u00e9thiques - Fait main en argent recycl\u00e9","description":"Boucles d'oreilles \u00e9thiques inspir\u00e9es de la nature. D\u00e9couvrez toute la collection de bijoux botaniques fabriqu\u00e9s \u00e0 la main dans mon atelier.","robots":{"index":"index","follow":"follow","max-snippet":"max-snippet:-1","max-image-preview":"max-image-preview:large","max-video-preview":"max-video-preview:-1"},"canonical":"https:\/\/www.elle-et-sens.fr\/index.php\/produit\/boucles-oreilles-feuilles-centella-argent-recycle\/","og_locale":"fr_FR","og_type":"article","og_title":"Boucles d'oreilles botaniques \u00e9thiques - Fait main en argent recycl\u00e9","og_description":"Boucles d'oreilles \u00e9thiques inspir\u00e9es de la nature. D\u00e9couvrez toute la collection de bijoux botaniques fabriqu\u00e9s \u00e0 la main dans mon atelier.","og_url":"https:\/\/www.elle-et-sens.fr\/index.php\/produit\/boucles-oreilles-feuilles-centella-argent-recycle\/","og_site_name":"Elle &amp; Sens","article_modified_time":"2024-04-10T11:11:31+00:00","og_image":[{"width":1600,"height":2560,"url":"https:\/\/www.elle-et-sens.fr\/wp-content\/uploads\/2020\/09\/P1010192-scaled-e1670357108793.jpeg","type":"image\/jpeg"}],"twitter_card":"summary_large_image","twitter_misc":{"Dur\u00e9e de lecture estim\u00e9e":"1 minute"},"schema":{"@context":"https:\/\/schema.org","@graph":[{"@type":"Organization","@id":"https:\/\/www.elle-et-sens.fr\/#organization","name":"Elle & Sens","url":"https:\/\/www.elle-et-sens.fr\/","sameAs":["https:\/\/www.instagram.com\/elle.et.sens\/","https:\/\/www.pinterest.fr\/elleetsens\/"],"logo":{"@type":"ImageObject","inLanguage":"fr-FR","@id":"https:\/\/www.elle-et-sens.fr\/#\/schema\/logo\/image\/","url":"","contentUrl":"","caption":"Elle & Sens"},"image":{"@id":"https:\/\/www.elle-et-sens.fr\/#\/schema\/logo\/image\/"}},{"@type":"WebSite","@id":"https:\/\/www.elle-et-sens.fr\/#website","url":"https:\/\/www.elle-et-sens.fr\/","name":"Elle &amp; Sens","description":"Bijoux \u00e9thiques inspir\u00e9s de la nature ","publisher":{"@id":"https:\/\/www.elle-et-sens.fr\/#organization"},"potentialAction":[{"@type":"SearchAction","target":{"@type":"EntryPoint","urlTemplate":"https:\/\/www.elle-et-sens.fr\/?s={search_term_string}"},"query-input":"required name=search_term_string"}],"inLanguage":"fr-FR"},{"@type":"ImageObject","inLanguage":"fr-FR","@id":"https:\/\/www.elle-et-sens.fr\/index.php\/produit\/boucles-oreilles-feuilles-centella-argent-recycle\/#primaryimage","url":"https:\/\/www.elle-et-sens.fr\/wp-content\/uploads\/2020\/09\/P1010192-scaled-e1670357108793.jpeg","contentUrl":"https:\/\/www.elle-et-sens.fr\/wp-content\/uploads\/2020\/09\/P1010192-scaled-e1670357108793.jpeg","width":1600,"height":2560,"caption":"boucles d'oreilles centella nature en argent recycl\u00e9"},{"@type":"WebPage","@id":"https:\/\/www.elle-et-sens.fr\/index.php\/produit\/boucles-oreilles-feuilles-centella-argent-recycle\/#webpage","url":"https:\/\/www.elle-et-sens.fr\/index.php\/produit\/boucles-oreilles-feuilles-centella-argent-recycle\/","name":"Boucles d'oreilles botaniques \u00e9thiques - Fait main en argent recycl\u00e9","isPartOf":{"@id":"https:\/\/www.elle-et-sens.fr\/#website"},"primaryImageOfPage":{"@id":"https:\/\/www.elle-et-sens.fr\/index.php\/produit\/boucles-oreilles-feuilles-centella-argent-recycle\/#primaryimage"},"datePublished":"2023-05-12T12:37:56+00:00","dateModified":"2024-04-10T11:11:31+00:00","description":"Boucles d'oreilles \u00e9thiques inspir\u00e9es de la nature. D\u00e9couvrez toute la collection de bijoux botaniques fabriqu\u00e9s \u00e0 la main dans mon atelier.","breadcrumb":{"@id":"https:\/\/www.elle-et-sens.fr\/index.php\/produit\/boucles-oreilles-feuilles-centella-argent-recycle\/#breadcrumb"},"inLanguage":"fr-FR","potentialAction":[{"@type":"ReadAction","target":["https:\/\/www.elle-et-sens.fr\/index.php\/produit\/boucles-oreilles-feuilles-centella-argent-recycle\/"]}]},{"@type":"BreadcrumbList","@id":"https:\/\/www.elle-et-sens.fr\/index.php\/produit\/boucles-oreilles-feuilles-centella-argent-recycle\/#breadcrumb","itemListElement":[{"@type":"ListItem","position":1,"name":"Accueil","item":"https:\/\/www.elle-et-sens.fr\/"},{"@type":"ListItem","position":2,"name":"Le jardin de cr\u00e9ations botaniques","item":"https:\/\/www.elle-et-sens.fr\/index.php\/creations-botaniques\/"},{"@type":"ListItem","position":3,"name":"Boucles d&#8217;oreilles feuilles de Centella &#8211; Argent recycl\u00e9"}]}]}},"post_mailing_queue_ids":[],"_links":{"self":[{"href":"https:\/\/www.elle-et-sens.fr\/index.php\/wp-json\/wp\/v2\/product\/2677"}],"collection":[{"href":"https:\/\/www.elle-et-sens.fr\/index.php\/wp-json\/wp\/v2\/product"}],"about":[{"href":"https:\/\/www.elle-et-sens.fr\/index.php\/wp-json\/wp\/v2\/types\/product"}],"version-history":[{"count":0,"href":"https:\/\/www.elle-et-sens.fr\/index.php\/wp-json\/wp\/v2\/product\/2677\/revisions"}],"wp:featuredmedia":[{"embeddable":true,"href":"https:\/\/www.elle-et-sens.fr\/index.php\/wp-json\/wp\/v2\/media\/7308"}],"wp:attachment":[{"href":"https:\/\/www.elle-et-sens.fr\/index.php\/wp-json\/wp\/v2\/media?parent=2677"}],"wp:term":[{"taxonomy":"product_cat","embeddable":true,"href":"https:\/\/www.elle-et-sens.fr\/index.php\/wp-json\/wp\/v2\/product_cat?post=2677"},{"taxonomy":"product_tag","embeddable":true,"href":"https:\/\/www.elle-et-sens.fr\/index.php\/wp-json\/wp\/v2\/product_tag?post=2677"}],"curies":[{"name":"wp","href":"https:\/\/api.w.org\/{rel}","templated":true}]}}