{"id":2471,"date":"2020-09-04T18:08:44","date_gmt":"2020-09-04T16:08:44","guid":{"rendered":"https:\/\/www.elle-et-sens.fr\/?post_type=product&#038;p=2471"},"modified":"2022-09-05T11:32:39","modified_gmt":"2022-09-05T09:32:39","slug":"boucles-doreilles-hoya-kerrii","status":"publish","type":"product","link":"https:\/\/www.elle-et-sens.fr\/index.php\/produit\/boucles-doreilles-hoya-kerrii\/","title":{"rendered":"Boucles d&#8217;oreilles Feuilles Hoya Kerrii &#8211; argent recycl\u00e9"},"content":{"rendered":"<p>Boucles d&#8217;oreilles \u00e9thiques et responsables, fabriqu\u00e9es sur commande en argent recycl\u00e9 925.<\/p>\n<p>Je fabrique ces boucles pendantes \u00e0 la main dans mon atelier, je con\u00e7ois chaque cr\u00e9ation selon les techniques de la bijouterie traditionnelle et r\u00e9alise moi m\u00eame toutes les \u00e9tapes de fabrication.<\/p>\n<p>Ce sont des boucles d&#8217;oreilles l\u00e9g\u00e8res et \u00e9l\u00e9gantes \u00e0 la fois.<\/p>\n<p><strong>Livraison :<\/strong> chaque bijou est fabriqu\u00e9 sur commande, il faut donc compter un d\u00e9lai de fabrication d\u2019environ 1 semaine. Les d\u00e9lais de livraison pour la France et Europe sont ensuite de 2 jours \u00e0 1 semaine. Ces boucles sont emball\u00e9es dans une jolie boite tiroir en carton FSC, \u00e9co-responsable ins\u00e9r\u00e9e dans un pochon en lin au logo de la marque.<\/p>\n","protected":false},"excerpt":{"rendered":"<p><strong>BOUCLES D&#8217;OREILLES HOYA KERRII<\/strong><\/p>\n<p>Boucles d&#8217;oreilles en argent 925 recycl\u00e9, fabriqu\u00e9es de mes mains d&#8217;artisane, dans mon atelier bas\u00e9 en France (en Bretagne).<\/p>\n<p>Ce bijou l\u00e9ger et d\u00e9licat vous emm\u00e8ne \u00e0 la d\u00e9couverte d&#8217;une jolie plante verte aux feuilles en forme de coeur, end\u00e9mique du Laos nomm\u00e9e Hoya Kerrii. Chaque cr\u00e9ation est unique car tous les bijoux sont r\u00e9alis\u00e9s 100% \u00e0 la main, il peut donc y avoir de l\u00e9g\u00e8res variations de formes et courbes.<\/p>\n<p><strong>Longueur des boucles d&#8217;oreilles :<\/strong> 6,5 cm<\/p>\n","protected":false},"featured_media":2476,"template":"","meta":[],"product_cat":[155],"product_tag":[139],"yoast_head":"<!-- This site is optimized with the Yoast SEO plugin v19.1 - https:\/\/yoast.com\/wordpress\/plugins\/seo\/ -->\n<title>Boucles d&#039;oreilles pendantes feuilles d&#039;hoya Kerrii - Fabriqu\u00e9es \u00e0 la main<\/title>\n<meta name=\"description\" content=\"Boucles d&#039;oreilles pendantes inspir\u00e9es de la nature et fabriqu\u00e9es \u00e0 la main en argent 925 recycl\u00e9 dans mon atelier d&#039;artisane en France.\" \/>\n<meta name=\"robots\" content=\"index, follow, max-snippet:-1, max-image-preview:large, max-video-preview:-1\" \/>\n<link rel=\"canonical\" href=\"https:\/\/www.elle-et-sens.fr\/index.php\/produit\/boucles-doreilles-hoya-kerrii\/\" \/>\n<meta property=\"og:locale\" content=\"fr_FR\" \/>\n<meta property=\"og:type\" content=\"article\" \/>\n<meta property=\"og:title\" content=\"Boucles d&#039;oreilles pendantes feuilles d&#039;hoya Kerrii - Fabriqu\u00e9es \u00e0 la main\" \/>\n<meta property=\"og:description\" content=\"Boucles d&#039;oreilles pendantes inspir\u00e9es de la nature et fabriqu\u00e9es \u00e0 la main en argent 925 recycl\u00e9 dans mon atelier d&#039;artisane en France.\" \/>\n<meta property=\"og:url\" content=\"https:\/\/www.elle-et-sens.fr\/index.php\/produit\/boucles-doreilles-hoya-kerrii\/\" \/>\n<meta property=\"og:site_name\" content=\"Elle &amp; Sens\" \/>\n<meta property=\"article:modified_time\" content=\"2022-09-05T09:32:39+00:00\" \/>\n<meta property=\"og:image\" content=\"https:\/\/www.elle-et-sens.fr\/wp-content\/uploads\/2020\/09\/DSC_9593-min-scaled.jpg\" \/>\n\t<meta property=\"og:image:width\" content=\"1703\" \/>\n\t<meta property=\"og:image:height\" content=\"2560\" \/>\n\t<meta property=\"og:image:type\" content=\"image\/jpeg\" \/>\n<meta name=\"twitter:card\" content=\"summary_large_image\" \/>\n<meta name=\"twitter:label1\" content=\"Dur\u00e9e de lecture estim\u00e9e\" \/>\n\t<meta name=\"twitter:data1\" content=\"1 minute\" \/>\n<script type=\"application\/ld+json\" class=\"yoast-schema-graph\">{\"@context\":\"https:\/\/schema.org\",\"@graph\":[{\"@type\":\"Organization\",\"@id\":\"https:\/\/www.elle-et-sens.fr\/#organization\",\"name\":\"Elle & Sens\",\"url\":\"https:\/\/www.elle-et-sens.fr\/\",\"sameAs\":[\"https:\/\/www.instagram.com\/elle.et.sens\/\",\"https:\/\/www.pinterest.fr\/elleetsens\/\"],\"logo\":{\"@type\":\"ImageObject\",\"inLanguage\":\"fr-FR\",\"@id\":\"https:\/\/www.elle-et-sens.fr\/#\/schema\/logo\/image\/\",\"url\":\"\",\"contentUrl\":\"\",\"caption\":\"Elle & Sens\"},\"image\":{\"@id\":\"https:\/\/www.elle-et-sens.fr\/#\/schema\/logo\/image\/\"}},{\"@type\":\"WebSite\",\"@id\":\"https:\/\/www.elle-et-sens.fr\/#website\",\"url\":\"https:\/\/www.elle-et-sens.fr\/\",\"name\":\"Elle &amp; Sens\",\"description\":\"Bijoux \u00e9thiques inspir\u00e9s de la nature \",\"publisher\":{\"@id\":\"https:\/\/www.elle-et-sens.fr\/#organization\"},\"potentialAction\":[{\"@type\":\"SearchAction\",\"target\":{\"@type\":\"EntryPoint\",\"urlTemplate\":\"https:\/\/www.elle-et-sens.fr\/?s={search_term_string}\"},\"query-input\":\"required name=search_term_string\"}],\"inLanguage\":\"fr-FR\"},{\"@type\":\"ImageObject\",\"inLanguage\":\"fr-FR\",\"@id\":\"https:\/\/www.elle-et-sens.fr\/index.php\/produit\/boucles-doreilles-hoya-kerrii\/#primaryimage\",\"url\":\"https:\/\/www.elle-et-sens.fr\/wp-content\/uploads\/2020\/09\/DSC_9593-min-scaled.jpg\",\"contentUrl\":\"https:\/\/www.elle-et-sens.fr\/wp-content\/uploads\/2020\/09\/DSC_9593-min-scaled.jpg\",\"width\":1703,\"height\":2560},{\"@type\":\"WebPage\",\"@id\":\"https:\/\/www.elle-et-sens.fr\/index.php\/produit\/boucles-doreilles-hoya-kerrii\/#webpage\",\"url\":\"https:\/\/www.elle-et-sens.fr\/index.php\/produit\/boucles-doreilles-hoya-kerrii\/\",\"name\":\"Boucles d'oreilles pendantes feuilles d'hoya Kerrii - Fabriqu\u00e9es \u00e0 la main\",\"isPartOf\":{\"@id\":\"https:\/\/www.elle-et-sens.fr\/#website\"},\"primaryImageOfPage\":{\"@id\":\"https:\/\/www.elle-et-sens.fr\/index.php\/produit\/boucles-doreilles-hoya-kerrii\/#primaryimage\"},\"datePublished\":\"2020-09-04T16:08:44+00:00\",\"dateModified\":\"2022-09-05T09:32:39+00:00\",\"description\":\"Boucles d'oreilles pendantes inspir\u00e9es de la nature et fabriqu\u00e9es \u00e0 la main en argent 925 recycl\u00e9 dans mon atelier d'artisane en France.\",\"breadcrumb\":{\"@id\":\"https:\/\/www.elle-et-sens.fr\/index.php\/produit\/boucles-doreilles-hoya-kerrii\/#breadcrumb\"},\"inLanguage\":\"fr-FR\",\"potentialAction\":[{\"@type\":\"ReadAction\",\"target\":[\"https:\/\/www.elle-et-sens.fr\/index.php\/produit\/boucles-doreilles-hoya-kerrii\/\"]}]},{\"@type\":\"BreadcrumbList\",\"@id\":\"https:\/\/www.elle-et-sens.fr\/index.php\/produit\/boucles-doreilles-hoya-kerrii\/#breadcrumb\",\"itemListElement\":[{\"@type\":\"ListItem\",\"position\":1,\"name\":\"Accueil\",\"item\":\"https:\/\/www.elle-et-sens.fr\/\"},{\"@type\":\"ListItem\",\"position\":2,\"name\":\"Le jardin de cr\u00e9ations botaniques\",\"item\":\"https:\/\/www.elle-et-sens.fr\/index.php\/creations-botaniques\/\"},{\"@type\":\"ListItem\",\"position\":3,\"name\":\"Boucles d&rsquo;oreilles Feuilles Hoya Kerrii &#8211; argent recycl\u00e9\"}]}]}<\/script>\n<!-- \/ Yoast SEO plugin. -->","yoast_head_json":{"title":"Boucles d'oreilles pendantes feuilles d'hoya Kerrii - Fabriqu\u00e9es \u00e0 la main","description":"Boucles d'oreilles pendantes inspir\u00e9es de la nature et fabriqu\u00e9es \u00e0 la main en argent 925 recycl\u00e9 dans mon atelier d'artisane en France.","robots":{"index":"index","follow":"follow","max-snippet":"max-snippet:-1","max-image-preview":"max-image-preview:large","max-video-preview":"max-video-preview:-1"},"canonical":"https:\/\/www.elle-et-sens.fr\/index.php\/produit\/boucles-doreilles-hoya-kerrii\/","og_locale":"fr_FR","og_type":"article","og_title":"Boucles d'oreilles pendantes feuilles d'hoya Kerrii - Fabriqu\u00e9es \u00e0 la main","og_description":"Boucles d'oreilles pendantes inspir\u00e9es de la nature et fabriqu\u00e9es \u00e0 la main en argent 925 recycl\u00e9 dans mon atelier d'artisane en France.","og_url":"https:\/\/www.elle-et-sens.fr\/index.php\/produit\/boucles-doreilles-hoya-kerrii\/","og_site_name":"Elle &amp; Sens","article_modified_time":"2022-09-05T09:32:39+00:00","og_image":[{"width":1703,"height":2560,"url":"https:\/\/www.elle-et-sens.fr\/wp-content\/uploads\/2020\/09\/DSC_9593-min-scaled.jpg","type":"image\/jpeg"}],"twitter_card":"summary_large_image","twitter_misc":{"Dur\u00e9e de lecture estim\u00e9e":"1 minute"},"schema":{"@context":"https:\/\/schema.org","@graph":[{"@type":"Organization","@id":"https:\/\/www.elle-et-sens.fr\/#organization","name":"Elle & Sens","url":"https:\/\/www.elle-et-sens.fr\/","sameAs":["https:\/\/www.instagram.com\/elle.et.sens\/","https:\/\/www.pinterest.fr\/elleetsens\/"],"logo":{"@type":"ImageObject","inLanguage":"fr-FR","@id":"https:\/\/www.elle-et-sens.fr\/#\/schema\/logo\/image\/","url":"","contentUrl":"","caption":"Elle & Sens"},"image":{"@id":"https:\/\/www.elle-et-sens.fr\/#\/schema\/logo\/image\/"}},{"@type":"WebSite","@id":"https:\/\/www.elle-et-sens.fr\/#website","url":"https:\/\/www.elle-et-sens.fr\/","name":"Elle &amp; Sens","description":"Bijoux \u00e9thiques inspir\u00e9s de la nature ","publisher":{"@id":"https:\/\/www.elle-et-sens.fr\/#organization"},"potentialAction":[{"@type":"SearchAction","target":{"@type":"EntryPoint","urlTemplate":"https:\/\/www.elle-et-sens.fr\/?s={search_term_string}"},"query-input":"required name=search_term_string"}],"inLanguage":"fr-FR"},{"@type":"ImageObject","inLanguage":"fr-FR","@id":"https:\/\/www.elle-et-sens.fr\/index.php\/produit\/boucles-doreilles-hoya-kerrii\/#primaryimage","url":"https:\/\/www.elle-et-sens.fr\/wp-content\/uploads\/2020\/09\/DSC_9593-min-scaled.jpg","contentUrl":"https:\/\/www.elle-et-sens.fr\/wp-content\/uploads\/2020\/09\/DSC_9593-min-scaled.jpg","width":1703,"height":2560},{"@type":"WebPage","@id":"https:\/\/www.elle-et-sens.fr\/index.php\/produit\/boucles-doreilles-hoya-kerrii\/#webpage","url":"https:\/\/www.elle-et-sens.fr\/index.php\/produit\/boucles-doreilles-hoya-kerrii\/","name":"Boucles d'oreilles pendantes feuilles d'hoya Kerrii - Fabriqu\u00e9es \u00e0 la main","isPartOf":{"@id":"https:\/\/www.elle-et-sens.fr\/#website"},"primaryImageOfPage":{"@id":"https:\/\/www.elle-et-sens.fr\/index.php\/produit\/boucles-doreilles-hoya-kerrii\/#primaryimage"},"datePublished":"2020-09-04T16:08:44+00:00","dateModified":"2022-09-05T09:32:39+00:00","description":"Boucles d'oreilles pendantes inspir\u00e9es de la nature et fabriqu\u00e9es \u00e0 la main en argent 925 recycl\u00e9 dans mon atelier d'artisane en France.","breadcrumb":{"@id":"https:\/\/www.elle-et-sens.fr\/index.php\/produit\/boucles-doreilles-hoya-kerrii\/#breadcrumb"},"inLanguage":"fr-FR","potentialAction":[{"@type":"ReadAction","target":["https:\/\/www.elle-et-sens.fr\/index.php\/produit\/boucles-doreilles-hoya-kerrii\/"]}]},{"@type":"BreadcrumbList","@id":"https:\/\/www.elle-et-sens.fr\/index.php\/produit\/boucles-doreilles-hoya-kerrii\/#breadcrumb","itemListElement":[{"@type":"ListItem","position":1,"name":"Accueil","item":"https:\/\/www.elle-et-sens.fr\/"},{"@type":"ListItem","position":2,"name":"Le jardin de cr\u00e9ations botaniques","item":"https:\/\/www.elle-et-sens.fr\/index.php\/creations-botaniques\/"},{"@type":"ListItem","position":3,"name":"Boucles d&rsquo;oreilles Feuilles Hoya Kerrii &#8211; argent recycl\u00e9"}]}]}},"post_mailing_queue_ids":[],"_links":{"self":[{"href":"https:\/\/www.elle-et-sens.fr\/index.php\/wp-json\/wp\/v2\/product\/2471"}],"collection":[{"href":"https:\/\/www.elle-et-sens.fr\/index.php\/wp-json\/wp\/v2\/product"}],"about":[{"href":"https:\/\/www.elle-et-sens.fr\/index.php\/wp-json\/wp\/v2\/types\/product"}],"version-history":[{"count":0,"href":"https:\/\/www.elle-et-sens.fr\/index.php\/wp-json\/wp\/v2\/product\/2471\/revisions"}],"wp:featuredmedia":[{"embeddable":true,"href":"https:\/\/www.elle-et-sens.fr\/index.php\/wp-json\/wp\/v2\/media\/2476"}],"wp:attachment":[{"href":"https:\/\/www.elle-et-sens.fr\/index.php\/wp-json\/wp\/v2\/media?parent=2471"}],"wp:term":[{"taxonomy":"product_cat","embeddable":true,"href":"https:\/\/www.elle-et-sens.fr\/index.php\/wp-json\/wp\/v2\/product_cat?post=2471"},{"taxonomy":"product_tag","embeddable":true,"href":"https:\/\/www.elle-et-sens.fr\/index.php\/wp-json\/wp\/v2\/product_tag?post=2471"}],"curies":[{"name":"wp","href":"https:\/\/api.w.org\/{rel}","templated":true}]}}