{"id":28,"date":"2019-05-06T15:28:04","date_gmt":"2019-05-06T13:28:04","guid":{"rendered":"http:\/\/www.elle-et-sens.fr\/?page_id=28"},"modified":"2023-09-22T18:16:40","modified_gmt":"2023-09-22T16:16:40","slug":"contact","status":"publish","type":"page","link":"https:\/\/www.elle-et-sens.fr\/index.php\/contact\/","title":{"rendered":"CONTACT"},"content":{"rendered":"\t\t<div data-elementor-type=\"wp-page\" data-elementor-id=\"28\" class=\"elementor elementor-28\">\n\t\t\t\t\t\t<div class=\"elementor-inner\">\n\t\t\t\t<div class=\"elementor-section-wrap\">\n\t\t\t\t\t\t\t\t\t<section class=\"elementor-section elementor-top-section elementor-element elementor-element-5367ecd elementor-section-boxed elementor-section-height-default elementor-section-height-default\" data-id=\"5367ecd\" data-element_type=\"section\">\n\t\t\t\t\t\t<div class=\"elementor-container elementor-column-gap-default\">\n\t\t\t\t\t\t\t<div class=\"elementor-row\">\n\t\t\t\t\t<div class=\"elementor-column elementor-col-100 elementor-top-column elementor-element elementor-element-0dc2dcd\" data-id=\"0dc2dcd\" data-element_type=\"column\">\n\t\t\t<div class=\"elementor-column-wrap elementor-element-populated\">\n\t\t\t\t\t\t\t<div class=\"elementor-widget-wrap\">\n\t\t\t\t\t\t<div class=\"elementor-element elementor-element-6860c66 elementor-widget elementor-widget-heading\" data-id=\"6860c66\" data-element_type=\"widget\" data-widget_type=\"heading.default\">\n\t\t\t\t<div class=\"elementor-widget-container\">\n\t\t\t<h2 class=\"elementor-heading-title elementor-size-default\">VOUS AVEZ ENVIE DE ME CONTACTER ? <\/h2>\t\t<\/div>\n\t\t\t\t<\/div>\n\t\t\t\t\t\t<\/div>\n\t\t\t\t\t<\/div>\n\t\t<\/div>\n\t\t\t\t\t\t\t\t<\/div>\n\t\t\t\t\t<\/div>\n\t\t<\/section>\n\t\t\t\t<section class=\"elementor-section elementor-top-section elementor-element elementor-element-5858090 elementor-section-boxed elementor-section-height-default elementor-section-height-default\" data-id=\"5858090\" data-element_type=\"section\">\n\t\t\t\t\t\t<div class=\"elementor-container elementor-column-gap-default\">\n\t\t\t\t\t\t\t<div class=\"elementor-row\">\n\t\t\t\t\t<div class=\"elementor-column elementor-col-50 elementor-top-column elementor-element elementor-element-024f5ef\" data-id=\"024f5ef\" data-element_type=\"column\">\n\t\t\t<div class=\"elementor-column-wrap elementor-element-populated\">\n\t\t\t\t\t\t\t<div class=\"elementor-widget-wrap\">\n\t\t\t\t\t\t<div class=\"elementor-element elementor-element-6a73da7 elementor-widget elementor-widget-text-editor\" data-id=\"6a73da7\" data-element_type=\"widget\" data-widget_type=\"text-editor.default\">\n\t\t\t\t<div class=\"elementor-widget-container\">\n\t\t\t\t\t\t\t\t<div class=\"elementor-text-editor elementor-clearfix\">\n\t\t\t\t<ul>\n<li><br><\/li><li>Vous avez une question sur mes cr\u00e9ations ?<\/li>\n<li><span style=\"font-weight: var( --e-global-typography-text-font-weight );\">ou &#8230; Vous \u00eates une marque ou une personne et vous avez envie de collaborer avec moi ?&nbsp;<\/span><br><\/li>\n<\/ul>\n<p><span style=\"letter-spacing: 0px;\">N&#8217;h\u00e9sitez pas \u00e0 me contacter, je serai ravie d&#8217;\u00e9changer avec vous !<\/span><\/p>\n<p>Mes coordonn\u00e9es :&nbsp;<\/p>\n<p>Email :&nbsp; elle.et.sens@gmail.com<span style=\"letter-spacing: 0px; font-weight: var( --e-global-typography-text-font-weight );\">&nbsp;<\/span><\/p><p><\/p><p>\u00c0 bient\u00f4t !&nbsp;<\/p>\t\t\t\t\t<\/div>\n\t\t\t\t\t\t<\/div>\n\t\t\t\t<\/div>\n\t\t\t\t\t\t<\/div>\n\t\t\t\t\t<\/div>\n\t\t<\/div>\n\t\t\t\t<div class=\"elementor-column elementor-col-50 elementor-top-column elementor-element elementor-element-6035227\" data-id=\"6035227\" data-element_type=\"column\">\n\t\t\t<div class=\"elementor-column-wrap elementor-element-populated\">\n\t\t\t\t\t\t\t<div class=\"elementor-widget-wrap\">\n\t\t\t\t\t\t<div class=\"elementor-element elementor-element-773972f elementor-widget elementor-widget-image\" data-id=\"773972f\" data-element_type=\"widget\" data-widget_type=\"image.default\">\n\t\t\t\t<div class=\"elementor-widget-container\">\n\t\t\t\t\t\t\t\t<div class=\"elementor-image\">\n\t\t\t\t\t\t\t\t\t<figure class=\"wp-caption\">\n\t\t\t\t\t\t\t\t\t\t<img decoding=\"async\" width=\"1020\" height=\"996\" src=\"https:\/\/www.elle-et-sens.fr\/wp-content\/uploads\/2021\/10\/Atelier-Marion-Elle-et-sens-2-min-scaled-e1655314000260-1024x1000.jpeg\" class=\"attachment-large size-large\" alt=\"\" loading=\"lazy\" srcset=\"https:\/\/www.elle-et-sens.fr\/wp-content\/uploads\/2021\/10\/Atelier-Marion-Elle-et-sens-2-min-scaled-e1655314000260-1024x1000.jpeg 1024w, https:\/\/www.elle-et-sens.fr\/wp-content\/uploads\/2021\/10\/Atelier-Marion-Elle-et-sens-2-min-scaled-e1655314000260-200x195.jpeg 200w, https:\/\/www.elle-et-sens.fr\/wp-content\/uploads\/2021\/10\/Atelier-Marion-Elle-et-sens-2-min-scaled-e1655314000260-300x293.jpeg 300w, https:\/\/www.elle-et-sens.fr\/wp-content\/uploads\/2021\/10\/Atelier-Marion-Elle-et-sens-2-min-scaled-e1655314000260-768x750.jpeg 768w, https:\/\/www.elle-et-sens.fr\/wp-content\/uploads\/2021\/10\/Atelier-Marion-Elle-et-sens-2-min-scaled-e1655314000260-1536x1500.jpeg 1536w, https:\/\/www.elle-et-sens.fr\/wp-content\/uploads\/2021\/10\/Atelier-Marion-Elle-et-sens-2-min-scaled-e1655314000260.jpeg 1920w\" sizes=\"(max-width: 1020px) 100vw, 1020px\" \/>\t\t\t\t\t\t\t\t\t\t\t<figcaption class=\"widget-image-caption wp-caption-text\"><\/figcaption>\n\t\t\t\t\t\t\t\t\t\t<\/figure>\n\t\t\t\t\t\t\t\t<\/div>\n\t\t\t\t\t\t<\/div>\n\t\t\t\t<\/div>\n\t\t\t\t\t\t<\/div>\n\t\t\t\t\t<\/div>\n\t\t<\/div>\n\t\t\t\t\t\t\t\t<\/div>\n\t\t\t\t\t<\/div>\n\t\t<\/section>\n\t\t\t\t<section class=\"elementor-section elementor-top-section elementor-element elementor-element-6bcb464 elementor-section-boxed elementor-section-height-default elementor-section-height-default\" data-id=\"6bcb464\" data-element_type=\"section\">\n\t\t\t\t\t\t<div class=\"elementor-container elementor-column-gap-default\">\n\t\t\t\t\t\t\t<div class=\"elementor-row\">\n\t\t\t\t\t<div class=\"elementor-column elementor-col-50 elementor-top-column elementor-element elementor-element-2b5b8e3\" data-id=\"2b5b8e3\" data-element_type=\"column\">\n\t\t\t<div class=\"elementor-column-wrap elementor-element-populated\">\n\t\t\t\t\t\t\t<div class=\"elementor-widget-wrap\">\n\t\t\t\t\t\t<div class=\"elementor-element elementor-element-2278e6a elementor-widget elementor-widget-text-editor\" data-id=\"2278e6a\" data-element_type=\"widget\" data-widget_type=\"text-editor.default\">\n\t\t\t\t<div class=\"elementor-widget-container\">\n\t\t\t\t\t\t\t\t<div class=\"elementor-text-editor elementor-clearfix\">\n\t\t\t\t\t\t\t\t\t<\/div>\n\t\t\t\t\t\t<\/div>\n\t\t\t\t<\/div>\n\t\t\t\t\t\t<\/div>\n\t\t\t\t\t<\/div>\n\t\t<\/div>\n\t\t\t\t<div class=\"elementor-column elementor-col-50 elementor-top-column elementor-element elementor-element-5816187\" data-id=\"5816187\" data-element_type=\"column\">\n\t\t\t<div class=\"elementor-column-wrap\">\n\t\t\t\t\t\t\t<div class=\"elementor-widget-wrap\">\n\t\t\t\t\t\t\t\t<\/div>\n\t\t\t\t\t<\/div>\n\t\t<\/div>\n\t\t\t\t\t\t\t\t<\/div>\n\t\t\t\t\t<\/div>\n\t\t<\/section>\n\t\t\t\t<section class=\"elementor-section elementor-top-section elementor-element elementor-element-44063767 elementor-section-boxed elementor-section-height-default elementor-section-height-default\" data-id=\"44063767\" data-element_type=\"section\">\n\t\t\t\t\t\t<div class=\"elementor-container elementor-column-gap-default\">\n\t\t\t\t\t\t\t<div class=\"elementor-row\">\n\t\t\t\t\t<div class=\"elementor-column elementor-col-100 elementor-top-column elementor-element elementor-element-435404a2\" data-id=\"435404a2\" data-element_type=\"column\">\n\t\t\t<div class=\"elementor-column-wrap elementor-element-populated\">\n\t\t\t\t\t\t\t<div class=\"elementor-widget-wrap\">\n\t\t\t\t\t\t<div class=\"elementor-element elementor-element-47a6935b elementor-widget elementor-widget-text-editor\" data-id=\"47a6935b\" data-element_type=\"widget\" data-widget_type=\"text-editor.default\">\n\t\t\t\t<div class=\"elementor-widget-container\">\n\t\t\t\t\t\t\t\t<div class=\"elementor-text-editor elementor-clearfix\">\n\t\t\t\t\t\t\t\t\t<\/div>\n\t\t\t\t\t\t<\/div>\n\t\t\t\t<\/div>\n\t\t\t\t\t\t<\/div>\n\t\t\t\t\t<\/div>\n\t\t<\/div>\n\t\t\t\t\t\t\t\t<\/div>\n\t\t\t\t\t<\/div>\n\t\t<\/section>\n\t\t\t\t\t\t\t\t\t<\/div>\n\t\t\t<\/div>\n\t\t\t\t\t<\/div>\n\t\t","protected":false},"excerpt":{"rendered":"<p>VOUS AVEZ ENVIE DE ME CONTACTER ? Vous avez une question sur mes cr\u00e9ations ? ou &#8230; Vous \u00eates une marque ou une personne et vous avez envie de collaborer avec moi ?&nbsp; N&#8217;h\u00e9sitez pas \u00e0 me contacter, je serai ravie d&#8217;\u00e9changer avec vous ! Mes coordonn\u00e9es :&nbsp; Email :&nbsp; elle.et.sens@gmail.com&nbsp; \u00c0 bient\u00f4t !&nbsp;<\/p>\n","protected":false},"author":1,"featured_media":0,"parent":0,"menu_order":0,"comment_status":"closed","ping_status":"closed","template":"elementor_header_footer","meta":[],"yoast_head":"<!-- This site is optimized with the Yoast SEO plugin v19.1 - https:\/\/yoast.com\/wordpress\/plugins\/seo\/ -->\n<title>CONTACT - Elle &amp; Sens<\/title>\n<meta name=\"robots\" content=\"index, follow, max-snippet:-1, max-image-preview:large, max-video-preview:-1\" \/>\n<link rel=\"canonical\" href=\"https:\/\/www.elle-et-sens.fr\/index.php\/contact\/\" \/>\n<meta property=\"og:locale\" content=\"fr_FR\" \/>\n<meta property=\"og:type\" content=\"article\" \/>\n<meta property=\"og:title\" content=\"CONTACT - Elle &amp; Sens\" \/>\n<meta property=\"og:description\" content=\"VOUS AVEZ ENVIE DE ME CONTACTER ? Vous avez une question sur mes cr\u00e9ations ? ou &#8230; Vous \u00eates une marque ou une personne et vous avez envie de collaborer avec moi ?&nbsp; N&#8217;h\u00e9sitez pas \u00e0 me contacter, je serai ravie d&#8217;\u00e9changer avec vous ! Mes coordonn\u00e9es :&nbsp; Email :&nbsp; elle.et.sens@gmail.com&nbsp; \u00c0 bient\u00f4t !&nbsp;\" \/>\n<meta property=\"og:url\" content=\"https:\/\/www.elle-et-sens.fr\/index.php\/contact\/\" \/>\n<meta property=\"og:site_name\" content=\"Elle &amp; Sens\" \/>\n<meta property=\"article:modified_time\" content=\"2023-09-22T16:16:40+00:00\" \/>\n<meta property=\"og:image\" content=\"https:\/\/www.elle-et-sens.fr\/wp-content\/uploads\/2021\/10\/Atelier-Marion-Elle-et-sens-2-min-scaled-e1655314000260-1024x1000.jpeg\" \/>\n<meta name=\"twitter:card\" content=\"summary_large_image\" \/>\n<meta name=\"twitter:label1\" content=\"Dur\u00e9e de lecture estim\u00e9e\" \/>\n\t<meta name=\"twitter:data1\" content=\"1 minute\" \/>\n<script type=\"application\/ld+json\" class=\"yoast-schema-graph\">{\"@context\":\"https:\/\/schema.org\",\"@graph\":[{\"@type\":\"Organization\",\"@id\":\"https:\/\/www.elle-et-sens.fr\/#organization\",\"name\":\"Elle & Sens\",\"url\":\"https:\/\/www.elle-et-sens.fr\/\",\"sameAs\":[\"https:\/\/www.instagram.com\/elle.et.sens\/\",\"https:\/\/www.pinterest.fr\/elleetsens\/\"],\"logo\":{\"@type\":\"ImageObject\",\"inLanguage\":\"fr-FR\",\"@id\":\"https:\/\/www.elle-et-sens.fr\/#\/schema\/logo\/image\/\",\"url\":\"\",\"contentUrl\":\"\",\"caption\":\"Elle & Sens\"},\"image\":{\"@id\":\"https:\/\/www.elle-et-sens.fr\/#\/schema\/logo\/image\/\"}},{\"@type\":\"WebSite\",\"@id\":\"https:\/\/www.elle-et-sens.fr\/#website\",\"url\":\"https:\/\/www.elle-et-sens.fr\/\",\"name\":\"Elle &amp; Sens\",\"description\":\"Bijoux \u00e9thiques inspir\u00e9s de la nature \",\"publisher\":{\"@id\":\"https:\/\/www.elle-et-sens.fr\/#organization\"},\"potentialAction\":[{\"@type\":\"SearchAction\",\"target\":{\"@type\":\"EntryPoint\",\"urlTemplate\":\"https:\/\/www.elle-et-sens.fr\/?s={search_term_string}\"},\"query-input\":\"required name=search_term_string\"}],\"inLanguage\":\"fr-FR\"},{\"@type\":\"ImageObject\",\"inLanguage\":\"fr-FR\",\"@id\":\"https:\/\/www.elle-et-sens.fr\/index.php\/contact\/#primaryimage\",\"url\":\"https:\/\/www.elle-et-sens.fr\/wp-content\/uploads\/2021\/10\/Atelier-Marion-Elle-et-sens-2-min-scaled-e1655314000260.jpeg\",\"contentUrl\":\"https:\/\/www.elle-et-sens.fr\/wp-content\/uploads\/2021\/10\/Atelier-Marion-Elle-et-sens-2-min-scaled-e1655314000260.jpeg\",\"width\":1920,\"height\":1875},{\"@type\":\"WebPage\",\"@id\":\"https:\/\/www.elle-et-sens.fr\/index.php\/contact\/#webpage\",\"url\":\"https:\/\/www.elle-et-sens.fr\/index.php\/contact\/\",\"name\":\"CONTACT - Elle &amp; Sens\",\"isPartOf\":{\"@id\":\"https:\/\/www.elle-et-sens.fr\/#website\"},\"primaryImageOfPage\":{\"@id\":\"https:\/\/www.elle-et-sens.fr\/index.php\/contact\/#primaryimage\"},\"datePublished\":\"2019-05-06T13:28:04+00:00\",\"dateModified\":\"2023-09-22T16:16:40+00:00\",\"breadcrumb\":{\"@id\":\"https:\/\/www.elle-et-sens.fr\/index.php\/contact\/#breadcrumb\"},\"inLanguage\":\"fr-FR\",\"potentialAction\":[{\"@type\":\"ReadAction\",\"target\":[\"https:\/\/www.elle-et-sens.fr\/index.php\/contact\/\"]}]},{\"@type\":\"BreadcrumbList\",\"@id\":\"https:\/\/www.elle-et-sens.fr\/index.php\/contact\/#breadcrumb\",\"itemListElement\":[{\"@type\":\"ListItem\",\"position\":1,\"name\":\"Accueil\",\"item\":\"https:\/\/www.elle-et-sens.fr\/\"},{\"@type\":\"ListItem\",\"position\":2,\"name\":\"CONTACT\"}]}]}<\/script>\n<!-- \/ Yoast SEO plugin. -->","yoast_head_json":{"title":"CONTACT - Elle &amp; Sens","robots":{"index":"index","follow":"follow","max-snippet":"max-snippet:-1","max-image-preview":"max-image-preview:large","max-video-preview":"max-video-preview:-1"},"canonical":"https:\/\/www.elle-et-sens.fr\/index.php\/contact\/","og_locale":"fr_FR","og_type":"article","og_title":"CONTACT - Elle &amp; Sens","og_description":"VOUS AVEZ ENVIE DE ME CONTACTER ? Vous avez une question sur mes cr\u00e9ations ? ou &#8230; Vous \u00eates une marque ou une personne et vous avez envie de collaborer avec moi ?&nbsp; N&#8217;h\u00e9sitez pas \u00e0 me contacter, je serai ravie d&#8217;\u00e9changer avec vous ! Mes coordonn\u00e9es :&nbsp; Email :&nbsp; elle.et.sens@gmail.com&nbsp; \u00c0 bient\u00f4t !&nbsp;","og_url":"https:\/\/www.elle-et-sens.fr\/index.php\/contact\/","og_site_name":"Elle &amp; Sens","article_modified_time":"2023-09-22T16:16:40+00:00","og_image":[{"url":"https:\/\/www.elle-et-sens.fr\/wp-content\/uploads\/2021\/10\/Atelier-Marion-Elle-et-sens-2-min-scaled-e1655314000260-1024x1000.jpeg"}],"twitter_card":"summary_large_image","twitter_misc":{"Dur\u00e9e de lecture estim\u00e9e":"1 minute"},"schema":{"@context":"https:\/\/schema.org","@graph":[{"@type":"Organization","@id":"https:\/\/www.elle-et-sens.fr\/#organization","name":"Elle & Sens","url":"https:\/\/www.elle-et-sens.fr\/","sameAs":["https:\/\/www.instagram.com\/elle.et.sens\/","https:\/\/www.pinterest.fr\/elleetsens\/"],"logo":{"@type":"ImageObject","inLanguage":"fr-FR","@id":"https:\/\/www.elle-et-sens.fr\/#\/schema\/logo\/image\/","url":"","contentUrl":"","caption":"Elle & Sens"},"image":{"@id":"https:\/\/www.elle-et-sens.fr\/#\/schema\/logo\/image\/"}},{"@type":"WebSite","@id":"https:\/\/www.elle-et-sens.fr\/#website","url":"https:\/\/www.elle-et-sens.fr\/","name":"Elle &amp; Sens","description":"Bijoux \u00e9thiques inspir\u00e9s de la nature ","publisher":{"@id":"https:\/\/www.elle-et-sens.fr\/#organization"},"potentialAction":[{"@type":"SearchAction","target":{"@type":"EntryPoint","urlTemplate":"https:\/\/www.elle-et-sens.fr\/?s={search_term_string}"},"query-input":"required name=search_term_string"}],"inLanguage":"fr-FR"},{"@type":"ImageObject","inLanguage":"fr-FR","@id":"https:\/\/www.elle-et-sens.fr\/index.php\/contact\/#primaryimage","url":"https:\/\/www.elle-et-sens.fr\/wp-content\/uploads\/2021\/10\/Atelier-Marion-Elle-et-sens-2-min-scaled-e1655314000260.jpeg","contentUrl":"https:\/\/www.elle-et-sens.fr\/wp-content\/uploads\/2021\/10\/Atelier-Marion-Elle-et-sens-2-min-scaled-e1655314000260.jpeg","width":1920,"height":1875},{"@type":"WebPage","@id":"https:\/\/www.elle-et-sens.fr\/index.php\/contact\/#webpage","url":"https:\/\/www.elle-et-sens.fr\/index.php\/contact\/","name":"CONTACT - Elle &amp; Sens","isPartOf":{"@id":"https:\/\/www.elle-et-sens.fr\/#website"},"primaryImageOfPage":{"@id":"https:\/\/www.elle-et-sens.fr\/index.php\/contact\/#primaryimage"},"datePublished":"2019-05-06T13:28:04+00:00","dateModified":"2023-09-22T16:16:40+00:00","breadcrumb":{"@id":"https:\/\/www.elle-et-sens.fr\/index.php\/contact\/#breadcrumb"},"inLanguage":"fr-FR","potentialAction":[{"@type":"ReadAction","target":["https:\/\/www.elle-et-sens.fr\/index.php\/contact\/"]}]},{"@type":"BreadcrumbList","@id":"https:\/\/www.elle-et-sens.fr\/index.php\/contact\/#breadcrumb","itemListElement":[{"@type":"ListItem","position":1,"name":"Accueil","item":"https:\/\/www.elle-et-sens.fr\/"},{"@type":"ListItem","position":2,"name":"CONTACT"}]}]}},"post_mailing_queue_ids":[],"_links":{"self":[{"href":"https:\/\/www.elle-et-sens.fr\/index.php\/wp-json\/wp\/v2\/pages\/28"}],"collection":[{"href":"https:\/\/www.elle-et-sens.fr\/index.php\/wp-json\/wp\/v2\/pages"}],"about":[{"href":"https:\/\/www.elle-et-sens.fr\/index.php\/wp-json\/wp\/v2\/types\/page"}],"author":[{"embeddable":true,"href":"https:\/\/www.elle-et-sens.fr\/index.php\/wp-json\/wp\/v2\/users\/1"}],"replies":[{"embeddable":true,"href":"https:\/\/www.elle-et-sens.fr\/index.php\/wp-json\/wp\/v2\/comments?post=28"}],"version-history":[{"count":0,"href":"https:\/\/www.elle-et-sens.fr\/index.php\/wp-json\/wp\/v2\/pages\/28\/revisions"}],"wp:attachment":[{"href":"https:\/\/www.elle-et-sens.fr\/index.php\/wp-json\/wp\/v2\/media?parent=28"}],"curies":[{"name":"wp","href":"https:\/\/api.w.org\/{rel}","templated":true}]}}